{"id":11301,"date":"2014-12-09T13:50:44","date_gmt":"2014-12-09T13:50:44","guid":{"rendered":"http:\/\/192.168.100.222\/target_carts\/wordpress\/wordpress495\/wordpress\/?product=infrapunalampomittari-digitaalinen"},"modified":"2015-12-11T14:47:11","modified_gmt":"2015-12-11T14:47:11","slug":"infrapunalampomittari-digitaalinen","status":"publish","type":"product","link":"https:\/\/silikotek.sapartners.site\/index.php\/tuote\/infrapunalampomittari-digitaalinen\/","title":{"rendered":"Infrapunal\u00e4mp\u00f6mittari digitaalinen"},"content":{"rendered":"","protected":false},"excerpt":{"rendered":"<p>T\u00e4ll\u00e4 l\u00f6yd\u00e4t nopeasti vuotokohdat rakennuksissa, ylikuumenevat laakerit jne.<br \/>&#8211; l\u00e4mp\u00f6tilan mittaus koskettamatta<br \/>&#8211; mittausalue \u201320- +200\u00b0 Celsius<br \/>&#8211; tarkkuus 2%<br \/>&#8211; Laukku synteettisest\u00e4 nahasta, 9V paristo<\/p>\n","protected":false},"featured_media":11300,"template":"","meta":{"_et_pb_use_builder":"","_et_pb_old_content":"","_et_gb_content_width":""},"pwb-brand":[],"product_brand":[],"product_cat":[844],"product_tag":[],"class_list":{"0":"post-11301","1":"product","2":"type-product","3":"status-publish","4":"has-post-thumbnail","6":"product_cat-infrapunalampomittarit","8":"first","9":"instock","10":"sale","11":"taxable","12":"shipping-taxable","13":"purchasable","14":"product-type-simple"},"brands":[],"_links":{"self":[{"href":"https:\/\/silikotek.sapartners.site\/index.php\/wp-json\/wp\/v2\/product\/11301","targetHints":{"allow":["GET"]}}],"collection":[{"href":"https:\/\/silikotek.sapartners.site\/index.php\/wp-json\/wp\/v2\/product"}],"about":[{"href":"https:\/\/silikotek.sapartners.site\/index.php\/wp-json\/wp\/v2\/types\/product"}],"wp:featuredmedia":[{"embeddable":true,"href":"https:\/\/silikotek.sapartners.site\/index.php\/wp-json\/wp\/v2\/media\/11300"}],"wp:attachment":[{"href":"https:\/\/silikotek.sapartners.site\/index.php\/wp-json\/wp\/v2\/media?parent=11301"}],"wp:term":[{"taxonomy":"pwb-brand","embeddable":true,"href":"https:\/\/silikotek.sapartners.site\/index.php\/wp-json\/wp\/v2\/pwb-brand?post=11301"},{"taxonomy":"product_brand","embeddable":true,"href":"https:\/\/silikotek.sapartners.site\/index.php\/wp-json\/wp\/v2\/product_brand?post=11301"},{"taxonomy":"product_cat","embeddable":true,"href":"https:\/\/silikotek.sapartners.site\/index.php\/wp-json\/wp\/v2\/product_cat?post=11301"},{"taxonomy":"product_tag","embeddable":true,"href":"https:\/\/silikotek.sapartners.site\/index.php\/wp-json\/wp\/v2\/product_tag?post=11301"}],"curies":[{"name":"wp","href":"https:\/\/api.w.org\/{rel}","templated":true}]}}