{"id":11299,"date":"2014-12-09T13:38:47","date_gmt":"2014-12-09T13:38:47","guid":{"rendered":"http:\/\/192.168.100.222\/target_carts\/wordpress\/wordpress495\/wordpress\/?product=infrapunalampomittari"},"modified":"2024-09-30T09:52:57","modified_gmt":"2024-09-30T06:52:57","slug":"infrapunalampomittari","status":"publish","type":"product","link":"https:\/\/silikotek.sapartners.site\/index.php\/tuote\/infrapunalampomittari\/","title":{"rendered":"Infrapunal\u00e4mp\u00f6mittari"},"content":{"rendered":"<p>Tekniset tiedot<br \/>n\u00e4ytt\u00f6: LCD n\u00e4ytt\u00f6<br \/>Mittausvirta max: 1mW<br \/>p\u00e4\u00e4st\u00f6kerroin 0.95<br \/>automaattinen sammutus<br \/>paino: 250g<br \/>muovikuoret<br \/>mittausalue : -50\u00b0 &#8211; 550 \u00b0C<br \/>virtal\u00e4hde: 9V paristo<br \/>\u00a0\u00b0C \/ \u00b0F<\/p>\n","protected":false},"excerpt":{"rendered":"<p>Digitaalinen infrapuna l\u00e4mp\u00f6mittari<\/p>\n","protected":false},"featured_media":11298,"template":"","meta":{"_et_pb_use_builder":"","_et_pb_old_content":"","_et_gb_content_width":""},"pwb-brand":[],"product_brand":[],"product_cat":[844],"product_tag":[],"class_list":{"0":"post-11299","1":"product","2":"type-product","3":"status-publish","4":"has-post-thumbnail","6":"product_cat-infrapunalampomittarit","8":"first","9":"outofstock","10":"taxable","11":"shipping-taxable","12":"purchasable","13":"product-type-simple"},"brands":[],"_links":{"self":[{"href":"https:\/\/silikotek.sapartners.site\/index.php\/wp-json\/wp\/v2\/product\/11299","targetHints":{"allow":["GET"]}}],"collection":[{"href":"https:\/\/silikotek.sapartners.site\/index.php\/wp-json\/wp\/v2\/product"}],"about":[{"href":"https:\/\/silikotek.sapartners.site\/index.php\/wp-json\/wp\/v2\/types\/product"}],"wp:featuredmedia":[{"embeddable":true,"href":"https:\/\/silikotek.sapartners.site\/index.php\/wp-json\/wp\/v2\/media\/11298"}],"wp:attachment":[{"href":"https:\/\/silikotek.sapartners.site\/index.php\/wp-json\/wp\/v2\/media?parent=11299"}],"wp:term":[{"taxonomy":"pwb-brand","embeddable":true,"href":"https:\/\/silikotek.sapartners.site\/index.php\/wp-json\/wp\/v2\/pwb-brand?post=11299"},{"taxonomy":"product_brand","embeddable":true,"href":"https:\/\/silikotek.sapartners.site\/index.php\/wp-json\/wp\/v2\/product_brand?post=11299"},{"taxonomy":"product_cat","embeddable":true,"href":"https:\/\/silikotek.sapartners.site\/index.php\/wp-json\/wp\/v2\/product_cat?post=11299"},{"taxonomy":"product_tag","embeddable":true,"href":"https:\/\/silikotek.sapartners.site\/index.php\/wp-json\/wp\/v2\/product_tag?post=11299"}],"curies":[{"name":"wp","href":"https:\/\/api.w.org\/{rel}","templated":true}]}}