{"id":11271,"date":"2014-12-08T13:26:35","date_gmt":"2014-12-08T13:26:35","guid":{"rendered":"http:\/\/192.168.100.222\/target_carts\/wordpress\/wordpress495\/wordpress\/?product=bitsisarja-bitsinpidikkeella"},"modified":"2019-02-28T00:00:03","modified_gmt":"2019-02-27T22:00:03","slug":"bitsisarja-bitsinpidikkeella","status":"publish","type":"product","link":"https:\/\/silikotek.sapartners.site\/index.php\/tuote\/bitsisarja-bitsinpidikkeella\/","title":{"rendered":"BGS Bitsisarja bitsinpidikkeell\u00e4 4816"},"content":{"rendered":"","protected":false},"excerpt":{"rendered":"<p><span style=\"font-weight: bold;\">&#8211; S2 ter\u00e4s<\/span><br \/>\n&#8211; <span style=\"font-weight: bold;\">yksil\u00f6llinen v\u00e4rikartta<\/span>:<br \/>\nyksi v\u00e4ri jokaiselle profiilille<br \/>\n&#8211; 30 bitsi\u00e4, 25 mm pitk\u00e4t:<br \/>\ntaltta 3-4-5-6 mm<br \/>\nPH 1-2-2-3<br \/>\nPZ 1-2-2-3<br \/>\nkuusiokolo 3-4-5-6 mm<br \/>\nT 10-15-20-25-27-30-40<br \/>\nT 10-15-20-25-27-30-40 (tamperproof)<br \/>\n&#8211; 1 bits adapteri 1\/4&#8243; neli\u00f6v\u00e4\u00e4nti\u00f6ll\u00e4 hylsyille<br \/>\n&#8211; 1 bitsinpidin pikalukolla.<\/p>\n","protected":false},"featured_media":19878,"template":"","meta":{"_et_pb_use_builder":"","_et_pb_old_content":"","_et_gb_content_width":""},"pwb-brand":[1451],"product_brand":[],"product_cat":[838],"product_tag":[],"class_list":{"0":"post-11271","1":"product","2":"type-product","3":"status-publish","4":"has-post-thumbnail","6":"pwb-brand-bgs","7":"product_cat-bitsit-ja-bitsisarjat","9":"first","10":"instock","11":"taxable","12":"shipping-taxable","13":"purchasable","14":"product-type-simple"},"brands":[{"id":1451,"name":"BGS","slug":"bgs"}],"_links":{"self":[{"href":"https:\/\/silikotek.sapartners.site\/index.php\/wp-json\/wp\/v2\/product\/11271","targetHints":{"allow":["GET"]}}],"collection":[{"href":"https:\/\/silikotek.sapartners.site\/index.php\/wp-json\/wp\/v2\/product"}],"about":[{"href":"https:\/\/silikotek.sapartners.site\/index.php\/wp-json\/wp\/v2\/types\/product"}],"wp:featuredmedia":[{"embeddable":true,"href":"https:\/\/silikotek.sapartners.site\/index.php\/wp-json\/wp\/v2\/media\/19878"}],"wp:attachment":[{"href":"https:\/\/silikotek.sapartners.site\/index.php\/wp-json\/wp\/v2\/media?parent=11271"}],"wp:term":[{"taxonomy":"pwb-brand","embeddable":true,"href":"https:\/\/silikotek.sapartners.site\/index.php\/wp-json\/wp\/v2\/pwb-brand?post=11271"},{"taxonomy":"product_brand","embeddable":true,"href":"https:\/\/silikotek.sapartners.site\/index.php\/wp-json\/wp\/v2\/product_brand?post=11271"},{"taxonomy":"product_cat","embeddable":true,"href":"https:\/\/silikotek.sapartners.site\/index.php\/wp-json\/wp\/v2\/product_cat?post=11271"},{"taxonomy":"product_tag","embeddable":true,"href":"https:\/\/silikotek.sapartners.site\/index.php\/wp-json\/wp\/v2\/product_tag?post=11271"}],"curies":[{"name":"wp","href":"https:\/\/api.w.org\/{rel}","templated":true}]}}