{"id":11269,"date":"2014-12-08T12:58:10","date_gmt":"2014-12-08T12:58:10","guid":{"rendered":"http:\/\/192.168.100.222\/target_carts\/wordpress\/wordpress495\/wordpress\/?product=jarrunesteen-vaihtolaite-paineilmalla-bgs-8080"},"modified":"2018-09-18T15:40:59","modified_gmt":"2018-09-18T12:40:59","slug":"jarrunesteen-vaihtolaite-paineilmalla-bgs-8080","status":"publish","type":"product","link":"https:\/\/silikotek.sapartners.site\/index.php\/tuote\/jarrunesteen-vaihtolaite-paineilmalla-bgs-8080\/","title":{"rendered":"Jarrunesteen vaihtolaite paineilmalla BGS-8080"},"content":{"rendered":"","protected":false},"excerpt":{"rendered":"<p>T\u00e4ll\u00e4 paineilamtoimisella jarrunesteen vaihtolaiteella vaihdat jarrunesteet yksin nopeasti ja helposti. Silikoniset kest\u00e4v\u00e4t letkut. Ylit\u00e4ytt\u00f6venttiili. Iso 1,5 l s\u00e4ili\u00f6 alumiiinisella suuttimella ja paineilamliittimell\u00e4 ja voit pit\u00e4\u00e4 molemmat k\u00e4det vapaana. T\u00e4ytt\u00f6s\u00e4ili\u00f6 sulkuventttiilill\u00e4. Voidaan k\u00e4ytt\u00e4\u00e4 my\u00f6s kytkinnesteille. Soveltuu p\u00e4ivitt\u00e4iseen ammattik\u00e4ytt\u00f6\u00f6n<\/p>\n","protected":false},"featured_media":11268,"template":"","meta":{"_et_pb_use_builder":"","_et_pb_old_content":"","_et_gb_content_width":""},"pwb-brand":[1451],"product_brand":[],"product_cat":[748],"product_tag":[],"class_list":{"0":"post-11269","1":"product","2":"type-product","3":"status-publish","4":"has-post-thumbnail","6":"pwb-brand-bgs","7":"product_cat-jarru-tyokalut","9":"first","10":"instock","11":"taxable","12":"shipping-taxable","13":"purchasable","14":"product-type-simple"},"brands":[{"id":1451,"name":"BGS","slug":"bgs"}],"_links":{"self":[{"href":"https:\/\/silikotek.sapartners.site\/index.php\/wp-json\/wp\/v2\/product\/11269","targetHints":{"allow":["GET"]}}],"collection":[{"href":"https:\/\/silikotek.sapartners.site\/index.php\/wp-json\/wp\/v2\/product"}],"about":[{"href":"https:\/\/silikotek.sapartners.site\/index.php\/wp-json\/wp\/v2\/types\/product"}],"wp:featuredmedia":[{"embeddable":true,"href":"https:\/\/silikotek.sapartners.site\/index.php\/wp-json\/wp\/v2\/media\/11268"}],"wp:attachment":[{"href":"https:\/\/silikotek.sapartners.site\/index.php\/wp-json\/wp\/v2\/media?parent=11269"}],"wp:term":[{"taxonomy":"pwb-brand","embeddable":true,"href":"https:\/\/silikotek.sapartners.site\/index.php\/wp-json\/wp\/v2\/pwb-brand?post=11269"},{"taxonomy":"product_brand","embeddable":true,"href":"https:\/\/silikotek.sapartners.site\/index.php\/wp-json\/wp\/v2\/product_brand?post=11269"},{"taxonomy":"product_cat","embeddable":true,"href":"https:\/\/silikotek.sapartners.site\/index.php\/wp-json\/wp\/v2\/product_cat?post=11269"},{"taxonomy":"product_tag","embeddable":true,"href":"https:\/\/silikotek.sapartners.site\/index.php\/wp-json\/wp\/v2\/product_tag?post=11269"}],"curies":[{"name":"wp","href":"https:\/\/api.w.org\/{rel}","templated":true}]}}