{"id":11261,"date":"2014-12-05T15:58:38","date_gmt":"2014-12-05T15:58:38","guid":{"rendered":"http:\/\/192.168.100.222\/target_carts\/wordpress\/wordpress495\/wordpress\/?product=kulmahiomakone-125-mm-eag950rb-ryobi"},"modified":"2014-12-05T16:19:28","modified_gmt":"2014-12-05T16:19:28","slug":"kulmahiomakone-125-mm-eag950rb-ryobi","status":"publish","type":"product","link":"https:\/\/silikotek.sapartners.site\/index.php\/tuote\/kulmahiomakone-125-mm-eag950rb-ryobi\/","title":{"rendered":"Kulmahiomakone 125 mm EAG950RB Ryobi"},"content":{"rendered":"<p>Nimi : Tuotenumero 5133000548<br \/>Akustinen paine &#8211; ep\u00e4varmuus (dB(A)) 3<br \/>Akustinen paine (dB(A)) 87<br \/>Istukan koko (mm) 22<br \/>Karankoko M14<br \/>Kuormittamaton nopeus (r\/min) 11,000<br \/>Laikan halkaisija (mm) 125<br \/>Nimi : Kategoria Kulmahiomakoneet<br \/>Paino (kg) 2.5<br \/>Py\u00f6r\u00e4n koko (mm) 125<br \/>Sis\u00e4\u00e4nottoteho (W) 950<br \/>Toimitetaan Laukku<br \/>T\u00e4rin\u00e4taso(m\/s\u00b2) 5.2<br \/>T\u00e4rin\u00e4tason ep\u00e4varmuus (m\/s\u00b2) 1.5<br \/>\u00c4\u00e4nen tehotaso (dB(A)) 98<br \/>\u00c4\u00e4nentehotaso ep\u00e4varmuus (dB(A)) 3<\/p>\n","protected":false},"excerpt":{"rendered":"<div class=\"product-block-inner\">\n<h2 class=\"block-title\">Tekniset tiedot<\/h2>\n<div class=\"content\">\n<ul>\n<li>Avaimeton rikkomasuojan vaihto<\/li>\n<li>Kahteen asentoon k\u00e4\u00e4ntyv\u00e4 tukikahva avaimenpidikkeell\u00e4<\/li>\n<li>Karanlukko helppoon laikan vaihtoon<\/li>\n<li>T\u00e4yspitk\u00e4, lukittava kytkin pinnoitteella<\/li>\n<li>Livetool Indikaattori\u2122 hehkuu sinisen\u00e4 kun ty\u00f6kalu on liitettyn\u00e4 verkkovirtaan<\/li>\n<li>Sis\u00e4lt\u00e4\u00e4 1 x avain, rikkomasuoja, tukikahva, laikka<\/li>\n<\/ul>\n<\/div>\n<\/div>\n","protected":false},"featured_media":11259,"template":"","meta":{"_et_pb_use_builder":"","_et_pb_old_content":"","_et_gb_content_width":""},"pwb-brand":[],"product_brand":[],"product_cat":[358],"product_tag":[],"class_list":{"0":"post-11261","1":"product","2":"type-product","3":"status-publish","4":"has-post-thumbnail","6":"product_cat-pienet-kulmahiomakoneet","8":"first","9":"instock","10":"taxable","11":"shipping-taxable","12":"purchasable","13":"product-type-simple"},"brands":[],"_links":{"self":[{"href":"https:\/\/silikotek.sapartners.site\/index.php\/wp-json\/wp\/v2\/product\/11261","targetHints":{"allow":["GET"]}}],"collection":[{"href":"https:\/\/silikotek.sapartners.site\/index.php\/wp-json\/wp\/v2\/product"}],"about":[{"href":"https:\/\/silikotek.sapartners.site\/index.php\/wp-json\/wp\/v2\/types\/product"}],"wp:featuredmedia":[{"embeddable":true,"href":"https:\/\/silikotek.sapartners.site\/index.php\/wp-json\/wp\/v2\/media\/11259"}],"wp:attachment":[{"href":"https:\/\/silikotek.sapartners.site\/index.php\/wp-json\/wp\/v2\/media?parent=11261"}],"wp:term":[{"taxonomy":"pwb-brand","embeddable":true,"href":"https:\/\/silikotek.sapartners.site\/index.php\/wp-json\/wp\/v2\/pwb-brand?post=11261"},{"taxonomy":"product_brand","embeddable":true,"href":"https:\/\/silikotek.sapartners.site\/index.php\/wp-json\/wp\/v2\/product_brand?post=11261"},{"taxonomy":"product_cat","embeddable":true,"href":"https:\/\/silikotek.sapartners.site\/index.php\/wp-json\/wp\/v2\/product_cat?post=11261"},{"taxonomy":"product_tag","embeddable":true,"href":"https:\/\/silikotek.sapartners.site\/index.php\/wp-json\/wp\/v2\/product_tag?post=11261"}],"curies":[{"name":"wp","href":"https:\/\/api.w.org\/{rel}","templated":true}]}}