{"id":11258,"date":"2014-12-05T15:42:18","date_gmt":"2014-12-05T15:42:18","guid":{"rendered":"http:\/\/192.168.100.222\/target_carts\/wordpress\/wordpress495\/wordpress\/?product=kulmahiomakone-230-mm-eag2000rs-ryobi"},"modified":"2014-12-05T15:50:37","modified_gmt":"2014-12-05T15:50:37","slug":"kulmahiomakone-230-mm-eag2000rs-ryobi","status":"publish","type":"product","link":"https:\/\/silikotek.sapartners.site\/index.php\/tuote\/kulmahiomakone-230-mm-eag2000rs-ryobi\/","title":{"rendered":"Kulmahiomakone 230 mm EAG2000RS Ryobi"},"content":{"rendered":"<p>2000 W:n kulmahiomakone. Hiomalaikan halkaisija 230 mm. 2-k\u00e4denkulmahiomakone k\u00e4\u00e4ntyv\u00e4ll\u00e4 takakahvalla. 6 000 r\/min. GripZone -kumip\u00e4\u00e4llysteinen t\u00e4rin\u00e4nvaiennus molemmissa kahvoissa. 3-asentoon s\u00e4\u00e4dett\u00e4v\u00e4 tukikahva. Karanlukitus nopeaan laikan vaihtoon. Avaimen s\u00e4ilytys tukikahvassa. Lukittava virrankatkaisin. Helposti vaihdettavat hiilet. LiveTool Indicator. Paino 7,0 kg.<\/p>\n","protected":false},"excerpt":{"rendered":"<p>Tekniset tiedot<\/p>\n<p>T\u00e4yspitk\u00e4 kytkin pinnoitteella<br \/>180\u00b0 k\u00e4\u00e4ntyv\u00e4 takakahva lis\u00e4\u00e4 k\u00e4ytt\u00f6mukavuutta ja parantaa kontrollia<br \/>Avaimeton rikkomasuojan vaihto<br \/>Kahteen asentoon k\u00e4\u00e4ntyv\u00e4 tukikahva avaimenpidikkeell\u00e4<br \/>Karanlukko helppoon laikan vaihtoon<br \/>Livetool Indikaattori\u2122 hehkuu sinisen\u00e4 kun ty\u00f6kalu on liitetty verkkovirtaan<br \/>Sis\u00e4lt\u00e4\u00e4 1 x avain, rikkomasuoja, tukikahva, hiontalevy<\/p>\n<p>\u00a0<\/p>\n","protected":false},"featured_media":11256,"template":"","meta":{"_et_pb_use_builder":"","_et_pb_old_content":"","_et_gb_content_width":""},"pwb-brand":[],"product_brand":[],"product_cat":[360],"product_tag":[],"class_list":{"0":"post-11258","1":"product","2":"type-product","3":"status-publish","4":"has-post-thumbnail","6":"product_cat-kulmahiomakoneet-230-mm","8":"first","9":"instock","10":"taxable","11":"shipping-taxable","12":"purchasable","13":"product-type-simple"},"brands":[],"_links":{"self":[{"href":"https:\/\/silikotek.sapartners.site\/index.php\/wp-json\/wp\/v2\/product\/11258","targetHints":{"allow":["GET"]}}],"collection":[{"href":"https:\/\/silikotek.sapartners.site\/index.php\/wp-json\/wp\/v2\/product"}],"about":[{"href":"https:\/\/silikotek.sapartners.site\/index.php\/wp-json\/wp\/v2\/types\/product"}],"wp:featuredmedia":[{"embeddable":true,"href":"https:\/\/silikotek.sapartners.site\/index.php\/wp-json\/wp\/v2\/media\/11256"}],"wp:attachment":[{"href":"https:\/\/silikotek.sapartners.site\/index.php\/wp-json\/wp\/v2\/media?parent=11258"}],"wp:term":[{"taxonomy":"pwb-brand","embeddable":true,"href":"https:\/\/silikotek.sapartners.site\/index.php\/wp-json\/wp\/v2\/pwb-brand?post=11258"},{"taxonomy":"product_brand","embeddable":true,"href":"https:\/\/silikotek.sapartners.site\/index.php\/wp-json\/wp\/v2\/product_brand?post=11258"},{"taxonomy":"product_cat","embeddable":true,"href":"https:\/\/silikotek.sapartners.site\/index.php\/wp-json\/wp\/v2\/product_cat?post=11258"},{"taxonomy":"product_tag","embeddable":true,"href":"https:\/\/silikotek.sapartners.site\/index.php\/wp-json\/wp\/v2\/product_tag?post=11258"}],"curies":[{"name":"wp","href":"https:\/\/api.w.org\/{rel}","templated":true}]}}