{"id":11255,"date":"2014-12-05T15:31:16","date_gmt":"2014-12-05T15:31:16","guid":{"rendered":"http:\/\/192.168.100.222\/target_carts\/wordpress\/wordpress495\/wordpress\/?product=6-osainen-puukkosahan-terasetti-rak06rb"},"modified":"2014-12-05T15:35:05","modified_gmt":"2014-12-05T15:35:05","slug":"6-osainen-puukkosahan-terasetti-rak06rb","status":"publish","type":"product","link":"https:\/\/silikotek.sapartners.site\/index.php\/tuote\/6-osainen-puukkosahan-terasetti-rak06rb\/","title":{"rendered":"6 osainen puukkosahan ter\u00e4setti RAK06RB"},"content":{"rendered":"","protected":false},"excerpt":{"rendered":"<p>1 x 100mm kapea puukkosahanter\u00e4, keskipaksu metalli ter\u00e4 14TPI. 6&#215;6&#8243; (152mm) puukkosahanter\u00e4, 1 x ter\u00e4 puulle 10TPI, 1 x ter\u00e4 metallille 24TPI, 1 x ter\u00e4 metallille 14TPI, 1 x harvennuster\u00e4 4-5TPI, 1 x yleister\u00e4 10TPI.<\/p>\n","protected":false},"featured_media":11254,"template":"","meta":{"_et_pb_use_builder":"","_et_pb_old_content":"","_et_gb_content_width":""},"pwb-brand":[],"product_brand":[],"product_cat":[803],"product_tag":[],"class_list":{"0":"post-11255","1":"product","2":"type-product","3":"status-publish","4":"has-post-thumbnail","6":"product_cat-puukkosahat","8":"first","9":"instock","10":"taxable","11":"shipping-taxable","12":"purchasable","13":"product-type-simple"},"brands":[],"_links":{"self":[{"href":"https:\/\/silikotek.sapartners.site\/index.php\/wp-json\/wp\/v2\/product\/11255","targetHints":{"allow":["GET"]}}],"collection":[{"href":"https:\/\/silikotek.sapartners.site\/index.php\/wp-json\/wp\/v2\/product"}],"about":[{"href":"https:\/\/silikotek.sapartners.site\/index.php\/wp-json\/wp\/v2\/types\/product"}],"wp:featuredmedia":[{"embeddable":true,"href":"https:\/\/silikotek.sapartners.site\/index.php\/wp-json\/wp\/v2\/media\/11254"}],"wp:attachment":[{"href":"https:\/\/silikotek.sapartners.site\/index.php\/wp-json\/wp\/v2\/media?parent=11255"}],"wp:term":[{"taxonomy":"pwb-brand","embeddable":true,"href":"https:\/\/silikotek.sapartners.site\/index.php\/wp-json\/wp\/v2\/pwb-brand?post=11255"},{"taxonomy":"product_brand","embeddable":true,"href":"https:\/\/silikotek.sapartners.site\/index.php\/wp-json\/wp\/v2\/product_brand?post=11255"},{"taxonomy":"product_cat","embeddable":true,"href":"https:\/\/silikotek.sapartners.site\/index.php\/wp-json\/wp\/v2\/product_cat?post=11255"},{"taxonomy":"product_tag","embeddable":true,"href":"https:\/\/silikotek.sapartners.site\/index.php\/wp-json\/wp\/v2\/product_tag?post=11255"}],"curies":[{"name":"wp","href":"https:\/\/api.w.org\/{rel}","templated":true}]}}