{"id":11251,"date":"2014-12-03T08:27:16","date_gmt":"2014-12-03T08:27:16","guid":{"rendered":"http:\/\/192.168.100.222\/target_carts\/wordpress\/wordpress495\/wordpress\/?product=poytasaha-1800-w-ryobi-rts1800s-g"},"modified":"2014-12-03T09:52:41","modified_gmt":"2014-12-03T09:52:41","slug":"poytasaha-1800-w-ryobi-rts1800s-g","status":"publish","type":"product","link":"https:\/\/silikotek.sapartners.site\/index.php\/tuote\/poytasaha-1800-w-ryobi-rts1800s-g\/","title":{"rendered":"P\u00f6yt\u00e4saha 1800 W Ryobi RTS1800S-G"},"content":{"rendered":"<p>1800 W p\u00f6yt\u00e4saha. Valettu alumiininen p\u00f6yt\u00e4 560 x 590 mm lukollisella etu- ja takareunatuella. TCT-kovametalliter\u00e4 254\/30 mm (48T). Korkeuden ja jiirikulman s\u00e4\u00e4t\u00f6 (0-47\u00b0). Kapasiteetti 90\u00b0: 0-80 mm, 45\u00b0: 0-55 mm. Nopeus 4 500 rpm ylikuormitussuojallla. Live tool Indikaattori \u2013 n\u00e4ytt\u00e4\u00e4, ett\u00e4 kone on liitettyn\u00e4 verkkovirtaan. S\u00e4\u00e4dett\u00e4v\u00e4 jalusta ja kumiset jalat. P\u00f6lynpoistoliit\u00e4nt\u00e4, 30 mm adapteri. Samansuuntaisvaste, suuntais-\/viisteohjain, ty\u00f6nnin ja koneessa kiinte\u00e4 tarvikkeiden s\u00e4ilytys. Paino 25.0 kg<\/p>\n","protected":false},"excerpt":{"rendered":"<p>1800 W p\u00f6yt\u00e4saha. Valettu alumiininen p\u00f6yt\u00e4 560 x 590 mm lukollisella etu- ja takareunatuella. TCT-kovametalliter\u00e4 254\/30 mm (48T). Korkeuden ja jiirikulman s\u00e4\u00e4t\u00f6 (0-47\u00b0). Kapasiteetti 90\u00b0: 0-80 mm, 45\u00b0: 0-55 mm. Nopeus 4 500 rpm ylikuormitussuojallla. Live tool Indikaattori \u2013 n\u00e4ytt\u00e4\u00e4, ett\u00e4 kone on liitettyn\u00e4 verkkovirtaan. S\u00e4\u00e4dett\u00e4v\u00e4 jalusta ja kumiset jalat. P\u00f6lynpoistoliit\u00e4nt\u00e4, 30 mm adapteri. Samansuuntaisvaste, [&hellip;]<\/p>\n","protected":false},"featured_media":11249,"template":"","meta":{"_et_pb_use_builder":"","_et_pb_old_content":"","_et_gb_content_width":""},"pwb-brand":[],"product_brand":[],"product_cat":[830],"product_tag":[],"class_list":{"0":"post-11251","1":"product","2":"type-product","3":"status-publish","4":"has-post-thumbnail","6":"product_cat-katkaisu-ja-jiirisahat","8":"first","9":"instock","10":"taxable","11":"shipping-taxable","12":"purchasable","13":"product-type-simple"},"brands":[],"_links":{"self":[{"href":"https:\/\/silikotek.sapartners.site\/index.php\/wp-json\/wp\/v2\/product\/11251","targetHints":{"allow":["GET"]}}],"collection":[{"href":"https:\/\/silikotek.sapartners.site\/index.php\/wp-json\/wp\/v2\/product"}],"about":[{"href":"https:\/\/silikotek.sapartners.site\/index.php\/wp-json\/wp\/v2\/types\/product"}],"wp:featuredmedia":[{"embeddable":true,"href":"https:\/\/silikotek.sapartners.site\/index.php\/wp-json\/wp\/v2\/media\/11249"}],"wp:attachment":[{"href":"https:\/\/silikotek.sapartners.site\/index.php\/wp-json\/wp\/v2\/media?parent=11251"}],"wp:term":[{"taxonomy":"pwb-brand","embeddable":true,"href":"https:\/\/silikotek.sapartners.site\/index.php\/wp-json\/wp\/v2\/pwb-brand?post=11251"},{"taxonomy":"product_brand","embeddable":true,"href":"https:\/\/silikotek.sapartners.site\/index.php\/wp-json\/wp\/v2\/product_brand?post=11251"},{"taxonomy":"product_cat","embeddable":true,"href":"https:\/\/silikotek.sapartners.site\/index.php\/wp-json\/wp\/v2\/product_cat?post=11251"},{"taxonomy":"product_tag","embeddable":true,"href":"https:\/\/silikotek.sapartners.site\/index.php\/wp-json\/wp\/v2\/product_tag?post=11251"}],"curies":[{"name":"wp","href":"https:\/\/api.w.org\/{rel}","templated":true}]}}