{"id":11240,"date":"2014-12-02T13:01:10","date_gmt":"2014-12-02T13:01:10","guid":{"rendered":"http:\/\/192.168.100.222\/target_carts\/wordpress\/wordpress495\/wordpress\/?product=tyokaluvaunu-tyokaluilla-296-os-bgs-4050"},"modified":"2021-08-31T00:01:14","modified_gmt":"2021-08-30T21:01:14","slug":"tyokaluvaunu-tyokaluilla-296-os-bgs-4050","status":"publish","type":"product","link":"https:\/\/silikotek.sapartners.site\/index.php\/tuote\/tyokaluvaunu-tyokaluilla-296-os-bgs-4050\/","title":{"rendered":"BGS Ty\u00f6kaluvaunu ty\u00f6kaluilla 296 osaa 8 laatikkoa 4050"},"content":{"rendered":"<p>7 kevyesti liikkuvaa vetolaatikkoa metallilaakereilla. 100 % avattavat &#8211; heavy duty laakeroidut py\u00f6r\u00e4t, joista kaksi lukittavaa ja k\u00e4\u00e4ntyv\u00e4\u00e4. &#8211; Keskuslukitus &#8211; K\u00e4tev\u00e4 luistamaton ty\u00f6taso &#8211; Toimitetaan pro+ tason ty\u00f6kaluilla &#8211; Sis\u00e4lt\u00e4\u00e4 moduulit # 4010, 4011, 4012, 4013, 4014, 4015, 4016, 4017 &#8211; Mitat: 680 x 458 x 1000 mm &#8211; Vetolaatikot 1 &#8211; 5: Leveys 560 x syvyys 395 x korkeus 52 mm &#8211; Vetolaatikot 6 &#8211; 7: Leveys 560 x syvyys 395 x korkeus 130 mm &#8211; Paino. 124.5 kg Toimitus rahtina<\/p>\n<p><iframe loading=\"lazy\" title=\"Workshop Trolley BGS 4100, complete with 296 Tools (Art. 4050)\" width=\"1080\" height=\"608\" src=\"https:\/\/www.youtube.com\/embed\/zVRzHcoDA00?feature=oembed\" frameborder=\"0\" allow=\"accelerometer; autoplay; encrypted-media; gyroscope; picture-in-picture\" allowfullscreen><\/iframe><\/p>\n<p>Toimitus rahtina<\/p>\n","protected":false},"excerpt":{"rendered":"<p>Ty\u00f6kaluvaunu, josta l\u00f6ytyy ty\u00f6kalut joka l\u00e4ht\u00f6\u00f6n. 8 vetolaatikkoa. Sopii niin merkkikorjaamoille kuin harrastusk\u00e4ytt\u00f6\u00f6n.<\/p>\n","protected":false},"featured_media":11239,"template":"","meta":{"_et_pb_use_builder":"off","_et_pb_old_content":"7 kevyesti liikkuvaa vetolaatikkoa metallilaakereilla.\r\n100 % avattavat\r\n- heavy duty laakeroidut py\u00f6r\u00e4t, joista kaksi lukittavaa ja k\u00e4\u00e4ntyv\u00e4\u00e4.\r\n- Keskuslukitus\r\n- K\u00e4tev\u00e4 luistamaton ty\u00f6taso\r\n- Toimitetaan pro+ tason ty\u00f6kaluilla\r\n- Sis\u00e4lt\u00e4\u00e4 moduulit # 4010, 4011, 4012, 4013, 4014, 4015, 4016, 4017\r\n- Mitat: 680 x 458 x 1000 mm\r\n- Vetolaatikot 1 - 5: Leveys 560 x syvyys 395 x korkeus 52 mm\r\n- Vetolaatikot 6 - 7: Leveys 560 x syvyys 395 x korkeus 130 mm\r\n- Paino. 124.5 kg\r\n\r\nToimitus rahtina","_et_gb_content_width":""},"pwb-brand":[1451],"product_brand":[],"product_cat":[313],"product_tag":[],"class_list":{"0":"post-11240","1":"product","2":"type-product","3":"status-publish","4":"has-post-thumbnail","6":"pwb-brand-bgs","7":"product_cat-tyokaluvaunut","8":"product_shipping_class-rahtitoimitus","10":"first","11":"instock","12":"taxable","13":"shipping-taxable","14":"purchasable","15":"product-type-simple"},"brands":[{"id":1451,"name":"BGS","slug":"bgs"}],"_links":{"self":[{"href":"https:\/\/silikotek.sapartners.site\/index.php\/wp-json\/wp\/v2\/product\/11240","targetHints":{"allow":["GET"]}}],"collection":[{"href":"https:\/\/silikotek.sapartners.site\/index.php\/wp-json\/wp\/v2\/product"}],"about":[{"href":"https:\/\/silikotek.sapartners.site\/index.php\/wp-json\/wp\/v2\/types\/product"}],"wp:featuredmedia":[{"embeddable":true,"href":"https:\/\/silikotek.sapartners.site\/index.php\/wp-json\/wp\/v2\/media\/11239"}],"wp:attachment":[{"href":"https:\/\/silikotek.sapartners.site\/index.php\/wp-json\/wp\/v2\/media?parent=11240"}],"wp:term":[{"taxonomy":"pwb-brand","embeddable":true,"href":"https:\/\/silikotek.sapartners.site\/index.php\/wp-json\/wp\/v2\/pwb-brand?post=11240"},{"taxonomy":"product_brand","embeddable":true,"href":"https:\/\/silikotek.sapartners.site\/index.php\/wp-json\/wp\/v2\/product_brand?post=11240"},{"taxonomy":"product_cat","embeddable":true,"href":"https:\/\/silikotek.sapartners.site\/index.php\/wp-json\/wp\/v2\/product_cat?post=11240"},{"taxonomy":"product_tag","embeddable":true,"href":"https:\/\/silikotek.sapartners.site\/index.php\/wp-json\/wp\/v2\/product_tag?post=11240"}],"curies":[{"name":"wp","href":"https:\/\/api.w.org\/{rel}","templated":true}]}}