{"id":11202,"date":"2014-11-21T11:58:53","date_gmt":"2014-11-21T09:58:53","guid":{"rendered":"http:\/\/192.168.100.222\/target_carts\/wordpress\/wordpress495\/wordpress\/?product=flex-tarrahiomapaperi-225-mm-kirahville"},"modified":"2018-07-04T13:53:03","modified_gmt":"2018-07-04T10:53:03","slug":"flex-tarrahiomapaperi-225-mm-kirahville","status":"publish","type":"product","link":"https:\/\/silikotek.sapartners.site\/index.php\/tuote\/flex-tarrahiomapaperi-225-mm-kirahville\/","title":{"rendered":"Flex Tarrahiomapaperi 225 mm Kirahville"},"content":{"rendered":"","protected":false},"excerpt":{"rendered":"<p>Alkuper\u00e4inen Flex tarrahiomapaperi sis\u00e4lt\u00e4\u00e4 25 kpl\/pak, (Karkeus P16 sis\u00e4lt\u00e4\u00e4 vain 10 kpl) Hinnat pakkauksittain.<br \/>T\u00e4ll\u00e4 hiot huomattavasti pidemp\u00e4\u00e4n kuin korvaavilla tuotteilla.<\/p>\n","protected":false},"featured_media":11201,"template":"","meta":{"_et_pb_use_builder":"","_et_pb_old_content":"","_et_gb_content_width":""},"pwb-brand":[1458],"product_brand":[],"product_cat":[444],"product_tag":[],"class_list":{"0":"post-11202","1":"product","2":"type-product","3":"status-publish","4":"has-post-thumbnail","6":"pwb-brand-flex","7":"product_cat-flex","8":"pa_karkeus-p100","9":"pa_karkeus-p120","10":"pa_karkeus-p150","11":"pa_karkeus-p16","12":"pa_karkeus-p180","13":"pa_karkeus-p220","14":"pa_karkeus-p40","15":"pa_karkeus-p60","16":"pa_karkeus-p80","18":"first","19":"instock","20":"taxable","21":"shipping-taxable","22":"purchasable","23":"product-type-variable"},"brands":[{"id":1458,"name":"Flex","slug":"flex"}],"_links":{"self":[{"href":"https:\/\/silikotek.sapartners.site\/index.php\/wp-json\/wp\/v2\/product\/11202","targetHints":{"allow":["GET"]}}],"collection":[{"href":"https:\/\/silikotek.sapartners.site\/index.php\/wp-json\/wp\/v2\/product"}],"about":[{"href":"https:\/\/silikotek.sapartners.site\/index.php\/wp-json\/wp\/v2\/types\/product"}],"wp:featuredmedia":[{"embeddable":true,"href":"https:\/\/silikotek.sapartners.site\/index.php\/wp-json\/wp\/v2\/media\/11201"}],"wp:attachment":[{"href":"https:\/\/silikotek.sapartners.site\/index.php\/wp-json\/wp\/v2\/media?parent=11202"}],"wp:term":[{"taxonomy":"pwb-brand","embeddable":true,"href":"https:\/\/silikotek.sapartners.site\/index.php\/wp-json\/wp\/v2\/pwb-brand?post=11202"},{"taxonomy":"product_brand","embeddable":true,"href":"https:\/\/silikotek.sapartners.site\/index.php\/wp-json\/wp\/v2\/product_brand?post=11202"},{"taxonomy":"product_cat","embeddable":true,"href":"https:\/\/silikotek.sapartners.site\/index.php\/wp-json\/wp\/v2\/product_cat?post=11202"},{"taxonomy":"product_tag","embeddable":true,"href":"https:\/\/silikotek.sapartners.site\/index.php\/wp-json\/wp\/v2\/product_tag?post=11202"}],"curies":[{"name":"wp","href":"https:\/\/api.w.org\/{rel}","templated":true}]}}