{"id":11195,"date":"2014-11-20T13:58:40","date_gmt":"2014-11-20T13:58:40","guid":{"rendered":"http:\/\/192.168.100.222\/target_carts\/wordpress\/wordpress495\/wordpress\/?product=flex-ge-5-tasoitekirahvi"},"modified":"2014-12-21T13:34:57","modified_gmt":"2014-12-21T13:34:57","slug":"flex-ge-5-tasoitekirahvi","status":"publish","type":"product","link":"https:\/\/silikotek.sapartners.site\/index.php\/tuote\/flex-ge-5-tasoitekirahvi\/","title":{"rendered":"Flex GE 5  tasoiteKirahvi"},"content":{"rendered":"<p>T\u00e4\u00e4ll\u00e4 vihdoinkin.<\/p>\n<p>Nyt se on t\u00e4\u00e4ll\u00e4, uusi FLEX Kirahvi.FLEX insin\u00f6\u00f6rit ovat paiskineet t\u00f6it\u00e4 t\u00e4ysill\u00e4. He halusivat suunnitella kaikkien aikojen k\u00e4tevimm\u00e4n ja keveimm\u00e4n Kirahvin, kuitenkaan kest\u00e4vyydest\u00e4 tinkim\u00e4tt\u00e4. T\u00e4ss\u00e4 on ollut haastetta riitt\u00e4v\u00e4sti. He onnistuivat kuitenkin l\u00f6yt\u00e4m\u00e4\u00e4n uusia kevyempi\u00e4 materiaaleja..Odotus on kannattanut: &#8221;uusi&#8221; painaa l\u00e4hes kilon v\u00e4hemm\u00e4n kuin edelt\u00e4j\u00e4ns\u00e4. Samalla he tekiv\u00e4t siit\u00e4 \u00e4\u00e4rimm\u00e4isen tasapainosen ja optimaalisesti k\u00e4teen sopivan. Ei muutakuin ty\u00f6maalle seini\u00e4 hiomaan.<\/p>\n","protected":false},"excerpt":{"rendered":"<p>Kaikkien aikojen k\u00e4tevin ja kevein Flex Kirahvi. T\u00e4ll\u00e4 hiot kuten klassikko kirahvilla, mutta paljon kevyemmin.<br \/>Paino 3,9 kg, pituus 1520 mm, teho 500W. Py\u00f6re\u00e4ll\u00e4 hiomap\u00e4\u00e4ll\u00e4. Toimitetaan pahvilaatikossa.<\/p>\n","protected":false},"featured_media":11194,"template":"","meta":{"_et_pb_use_builder":"","_et_pb_old_content":"","_et_gb_content_width":""},"pwb-brand":[],"product_brand":[],"product_cat":[444],"product_tag":[],"class_list":{"0":"post-11195","1":"product","2":"type-product","3":"status-publish","4":"has-post-thumbnail","6":"product_cat-flex","8":"first","9":"instock","10":"taxable","11":"shipping-taxable","12":"purchasable","13":"product-type-simple"},"brands":[],"_links":{"self":[{"href":"https:\/\/silikotek.sapartners.site\/index.php\/wp-json\/wp\/v2\/product\/11195","targetHints":{"allow":["GET"]}}],"collection":[{"href":"https:\/\/silikotek.sapartners.site\/index.php\/wp-json\/wp\/v2\/product"}],"about":[{"href":"https:\/\/silikotek.sapartners.site\/index.php\/wp-json\/wp\/v2\/types\/product"}],"wp:featuredmedia":[{"embeddable":true,"href":"https:\/\/silikotek.sapartners.site\/index.php\/wp-json\/wp\/v2\/media\/11194"}],"wp:attachment":[{"href":"https:\/\/silikotek.sapartners.site\/index.php\/wp-json\/wp\/v2\/media?parent=11195"}],"wp:term":[{"taxonomy":"pwb-brand","embeddable":true,"href":"https:\/\/silikotek.sapartners.site\/index.php\/wp-json\/wp\/v2\/pwb-brand?post=11195"},{"taxonomy":"product_brand","embeddable":true,"href":"https:\/\/silikotek.sapartners.site\/index.php\/wp-json\/wp\/v2\/product_brand?post=11195"},{"taxonomy":"product_cat","embeddable":true,"href":"https:\/\/silikotek.sapartners.site\/index.php\/wp-json\/wp\/v2\/product_cat?post=11195"},{"taxonomy":"product_tag","embeddable":true,"href":"https:\/\/silikotek.sapartners.site\/index.php\/wp-json\/wp\/v2\/product_tag?post=11195"}],"curies":[{"name":"wp","href":"https:\/\/api.w.org\/{rel}","templated":true}]}}