{"id":11162,"date":"2014-11-14T15:15:14","date_gmt":"2014-11-14T13:15:14","guid":{"rendered":"http:\/\/192.168.100.222\/target_carts\/wordpress\/wordpress495\/wordpress\/?product=sievi-viper-1-s1-koot-39-47"},"modified":"2021-01-12T10:00:40","modified_gmt":"2021-01-12T08:00:40","slug":"sievi-viper-1-s1-koot-39-47","status":"publish","type":"product","link":"https:\/\/silikotek.sapartners.site\/index.php\/tuote\/sievi-viper-1-s1-koot-39-47\/","title":{"rendered":"Sievi Viper 1+ S1 Turvakeng\u00e4t"},"content":{"rendered":"<div class=\"mobile-hidden\">\n<div class=\"info-table clear\">\n<div class=\"productdata\">\n<div class=\"productSize\" data-size-productcode=\"[&quot;43-52124-113-25M&quot;]\">Koko: 35 &#8211; 47<\/div>\n<\/div>\n<div class=\"productdata\">\n<div class=\"label\">Tuotekoodi: Koot 35 &#8211; 38: <span data-productcode=\"43-52124-112-25M\">43-52124-112-25M, Koot 39 &#8211; 47: <\/span><span data-productcode=\"43-52124-113-25M\">43-52124-113-25M<\/span><\/div>\n<\/div>\n<div class=\"mobile-hidden\">\n<div class=\"productdata\">\n<div class=\"label\">Turvaluokitus: EN ISO 20345: S1 SRC<\/div>\n<\/div>\n<div class=\"productdata\">\n<div class=\"label\">Varvassuoja: Komposiitti<\/div>\n<\/div>\n<div class=\"productdata\">\n<div class=\"label\">Pohjamateriaali: Kaksikerros PU\/TPU<\/div>\n<\/div>\n<div class=\"productdata\">\n<div class=\"label\">P\u00e4\u00e4llismateriaali: Haljas<\/div>\n<\/div>\n<\/div>\n<\/div>\n<\/div>\n","protected":false},"excerpt":{"rendered":"<p>Kest\u00e4v\u00e4t ja sporttiset puolikeng\u00e4t komposiittivarvassuojalla. Kaksikerrospohja antaa parhaan mahdollisen kulutuskest\u00e4vyyden ja joustourien ansiosta jalkine taipuu optimaalisesti. Erinomaisen iskunvaimennuksen takaa FlexStep\u00ae-pohja.<\/p>\n","protected":false},"featured_media":24174,"template":"","meta":{"_et_pb_use_builder":"","_et_pb_old_content":"","_et_gb_content_width":""},"pwb-brand":[1450],"product_brand":[],"product_cat":[1554],"product_tag":[],"class_list":{"0":"post-11162","1":"product","2":"type-product","3":"status-publish","4":"has-post-thumbnail","6":"pwb-brand-sievin-jalkine","7":"product_cat-turvapuolikengat-s1","8":"pa_kenkakoko-1025","9":"pa_kenkakoko-1026","10":"pa_kenkakoko-1027","11":"pa_kenkakoko-1028","12":"pa_kenkakoko-1016","13":"pa_kenkakoko-1017","14":"pa_kenkakoko-1018","15":"pa_kenkakoko-1019","16":"pa_kenkakoko-1020","17":"pa_kenkakoko-1021","18":"pa_kenkakoko-1022","19":"pa_kenkakoko-1023","20":"pa_kenkakoko-1024","22":"first","23":"instock","24":"taxable","25":"shipping-taxable","26":"purchasable","27":"product-type-variable"},"brands":[{"id":1450,"name":"Sievin Jalkine","slug":"sievin-jalkine"}],"_links":{"self":[{"href":"https:\/\/silikotek.sapartners.site\/index.php\/wp-json\/wp\/v2\/product\/11162","targetHints":{"allow":["GET"]}}],"collection":[{"href":"https:\/\/silikotek.sapartners.site\/index.php\/wp-json\/wp\/v2\/product"}],"about":[{"href":"https:\/\/silikotek.sapartners.site\/index.php\/wp-json\/wp\/v2\/types\/product"}],"wp:featuredmedia":[{"embeddable":true,"href":"https:\/\/silikotek.sapartners.site\/index.php\/wp-json\/wp\/v2\/media\/24174"}],"wp:attachment":[{"href":"https:\/\/silikotek.sapartners.site\/index.php\/wp-json\/wp\/v2\/media?parent=11162"}],"wp:term":[{"taxonomy":"pwb-brand","embeddable":true,"href":"https:\/\/silikotek.sapartners.site\/index.php\/wp-json\/wp\/v2\/pwb-brand?post=11162"},{"taxonomy":"product_brand","embeddable":true,"href":"https:\/\/silikotek.sapartners.site\/index.php\/wp-json\/wp\/v2\/product_brand?post=11162"},{"taxonomy":"product_cat","embeddable":true,"href":"https:\/\/silikotek.sapartners.site\/index.php\/wp-json\/wp\/v2\/product_cat?post=11162"},{"taxonomy":"product_tag","embeddable":true,"href":"https:\/\/silikotek.sapartners.site\/index.php\/wp-json\/wp\/v2\/product_tag?post=11162"}],"curies":[{"name":"wp","href":"https:\/\/api.w.org\/{rel}","templated":true}]}}