{"id":10746,"date":"2014-10-29T09:52:56","date_gmt":"2014-10-29T09:52:56","guid":{"rendered":"http:\/\/192.168.100.222\/target_carts\/wordpress\/wordpress495\/wordpress\/?product=katkaisu-ja-jiirisaha-ryobi"},"modified":"2014-10-29T10:35:29","modified_gmt":"2014-10-29T10:35:29","slug":"katkaisu-ja-jiirisaha-ryobi","status":"publish","type":"product","link":"https:\/\/silikotek.sapartners.site\/index.php\/tuote\/katkaisu-ja-jiirisaha-ryobi\/","title":{"rendered":"Katkaisu- ja jiirisaha Ryobi"},"content":{"rendered":"<p>Tekniset tiedot<\/p>\n<p>Exactline Laser Teknologia\u2122 tarkkoihin sahauksiin<br \/>2 LED valoa valaisee ty\u00f6skentelyalueen<br \/>Vedett\u00e4v\u00e4 -liukutoiminto, ty\u00f6kalun voi asettaa aivan sein\u00e4n viereen<br \/>Helppo s\u00e4ilytt\u00e4\u00e4 ja kuljettaa, kompakti muotoilu<br \/>Tehokas 2000 W moottori tuottaa 4500 rpm<br \/>Ekstra leve\u00e4t jatkokappaleet<br \/>50 asteen jiirikapasiteetti vasemmalle ja oikealle<br \/>Mukana: 48-hampainen TCT ter\u00e4, jatkokappaleet, 1 x puristin, p\u00f6lypussi ja avain<\/p>\n<p>\u00a0<\/p>\n","protected":false},"excerpt":{"rendered":"<p>2000 W:n katkaisu- ja jiirisaha. Vedett\u00e4v\u00e4 -liukutoiminto.<br \/>Verkkok\u00e4ytt\u00f6inen Exactline-laser ja LED-ty\u00f6valo. Muotoonvalettu<br \/>alumiininen pohjalevy. Kovametalliter\u00e4 254\/30 mm, 48T. Kapasiteetti<br \/>90\u00b0\/90\u00b0: Sahausleveys 300 mm, sahaussyvyys 90mm. Iskuluku 4 500<br \/>r\/min. Ergonominen D-kahva GripZone -p\u00e4\u00e4llysteell\u00e4. Kulmien<br \/>astelukujen selke\u00e4 merkint\u00e4, 4 kiinte\u00e4t\u00e4. Mukana tulee kankainen<br \/>purupussi. Paino 16 kg<\/p>\n","protected":false},"featured_media":10743,"template":"","meta":{"_et_pb_use_builder":"","_et_pb_old_content":"","_et_gb_content_width":""},"pwb-brand":[],"product_brand":[],"product_cat":[830],"product_tag":[],"class_list":{"0":"post-10746","1":"product","2":"type-product","3":"status-publish","4":"has-post-thumbnail","6":"product_cat-katkaisu-ja-jiirisahat","8":"first","9":"instock","10":"taxable","11":"shipping-taxable","12":"purchasable","13":"product-type-simple"},"brands":[],"_links":{"self":[{"href":"https:\/\/silikotek.sapartners.site\/index.php\/wp-json\/wp\/v2\/product\/10746","targetHints":{"allow":["GET"]}}],"collection":[{"href":"https:\/\/silikotek.sapartners.site\/index.php\/wp-json\/wp\/v2\/product"}],"about":[{"href":"https:\/\/silikotek.sapartners.site\/index.php\/wp-json\/wp\/v2\/types\/product"}],"wp:featuredmedia":[{"embeddable":true,"href":"https:\/\/silikotek.sapartners.site\/index.php\/wp-json\/wp\/v2\/media\/10743"}],"wp:attachment":[{"href":"https:\/\/silikotek.sapartners.site\/index.php\/wp-json\/wp\/v2\/media?parent=10746"}],"wp:term":[{"taxonomy":"pwb-brand","embeddable":true,"href":"https:\/\/silikotek.sapartners.site\/index.php\/wp-json\/wp\/v2\/pwb-brand?post=10746"},{"taxonomy":"product_brand","embeddable":true,"href":"https:\/\/silikotek.sapartners.site\/index.php\/wp-json\/wp\/v2\/product_brand?post=10746"},{"taxonomy":"product_cat","embeddable":true,"href":"https:\/\/silikotek.sapartners.site\/index.php\/wp-json\/wp\/v2\/product_cat?post=10746"},{"taxonomy":"product_tag","embeddable":true,"href":"https:\/\/silikotek.sapartners.site\/index.php\/wp-json\/wp\/v2\/product_tag?post=10746"}],"curies":[{"name":"wp","href":"https:\/\/api.w.org\/{rel}","templated":true}]}}