{"id":10635,"date":"2014-09-16T19:15:15","date_gmt":"2014-09-16T19:15:15","guid":{"rendered":"http:\/\/192.168.100.222\/target_carts\/wordpress\/wordpress495\/wordpress\/?product=korjaamopuristin-10t-bgs"},"modified":"2014-09-16T19:25:18","modified_gmt":"2014-09-16T19:25:18","slug":"korjaamopuristin-10t-bgs","status":"publish","type":"product","link":"https:\/\/silikotek.sapartners.site\/index.php\/tuote\/korjaamopuristin-10t-bgs\/","title":{"rendered":"Korjaamopuristin 10T BGS"},"content":{"rendered":"<p>&#8211; sopii p\u00e4ivitt\u00e4iseen korjaamok\u00e4ytt\u00f6n.<br \/>&#8211; T\u00e4ll\u00e4 puristaa py\u00f6r\u00e4nlaakereita, vetoakseleita, puslia ym.<br \/>&#8211; eritt\u00e4in laaja k\u00e4ytt\u00f6alue, 9-korkeuss\u00e4\u00e4t\u00f6\u00e4<br \/>&#8211; painemittari: 0 &#8211; 14500 psi (0 &#8211; 1000 Bar)<br \/>&#8211; ty\u00f6skentelykorkeus: 0-1030 mm<br \/>&#8211; mitat: (k) 175 cm x (l) 71 cm x (s) 55 cm<br \/>&#8211; Sylinterin ty\u00f6nt\u00f6matka: 150 mm<br \/>&#8211; paino: 95 kg<\/p>\n","protected":false},"excerpt":{"rendered":"<p>BGS Korjaamopr\u00e4ssi 10T<br \/><img decoding=\"async\" src=\"data:image\/png;base64,iVBORw0KGgoAAAANSUhEUgAAAOsAAAA2CAIAAACpyPlzAAAcMklEQVR4nO18e3QURdr3cHV3z+6e4zn+s+6es3v27Pne4yKQy2QyM5n7JCQkBAiEcA0GlYvEy8sioCLqurrI4gKygsIKrrdVg6+CiMhNRTcJlwRk9wMSlKuB3Kaqeqa7p6cvVc\/3R013hpC4+L2Dfvne+Z06TdPT3dVd9etfPfU8T8UGGWQwkGH7vh8ggwz+W8gwOIOBjQyDMxjYyDA4g4GNDIMzGNjIMDiDgY0MgzMY2MgwOIOBjQyDMxjYSDKYMcYYMwzDMAzGGABgjL\/66quzZ8+eP3\/+3Llz579D8OrOnj176dIl\/ni6rqf3tcWHHxEXLxGXLBUfXCIuWdpvedDaLpP+vCbxwQdGdycAMABmGFbTJbd8xzAYAABQWVY\/\/UResya6YKFQNVWYXClMrhQqp\/Quk6cIlVPI5EqhaiopKo7\/7RV+N+3o0VjtfeLSZeKDS8Wly2K198Vf2sIYY5QyShmA8re\/icuWicuXK3\/\/e3obZ2ChDwbH4\/FnnnlmwYIFd95555w5c2pqampqaub0Bet4rxP6O\/8b7jBnzhxenXWwpqZm\/vz5tbW1DQ0NAEApTeNr4wIfynFguxPn5uNcJ7Y7ca5Z7L23KNeJc50ox4HsTjJ2nLzuORqLMgDOJN52yX8NAwBYXI6\/8qpQORU53Cg7D9ld2OnBTi92erHLm9xJLS4vcnpwQSBy2yj5ufW8P9S9eyP\/MQLnuZHdiR3uyP8aEau9jwFQXWeM6adOSY+ukFevltesEZc\/qp9pTWPjDCz0WBGUUi7AixcvXrlyZSQSicfjsizHbzz6q0VRlKamppqamn\/+85+cJekCKR6LfSESKCT+MPEX9pSAWfx9FOwPY5cPjcgSplQZFy8wAMpJzOmr6wxAO35MqKxCt2djRwH2hYg\/TPxh4gsTX8pOshQmf\/WHsT9MQmNQdl58wwYAYAD6mTPYF8T+MAkUkmARdnmFqTOoojBKAUCtr5efWyf94Sn5hRfimzap\/\/hHGhtnYKFHgw3DAIDDhw\/fe++91sHruQWnvrW9\/rp5pZRSSmmfdXHj4cMPP1y+fPn13\/Z6gAvHoAI\/9gaxN4C9QewNEm8Ie0Okr5I8wRci3hD2BUl4DBqdK0yfQUUxOaYzxnQdABL79iFnAbK7cLAI+8PJO\/hCyQ\/AE8RuPy7wY7cfu33Y5bO2yOXF3mDk9ix5\/V+AmyK6Hp05C+W5iS+MvUHsCyO7UztyhP9KRVFc+lD8xRfkdWul5Y8yWU5v+zATwJimaVI8Ho3FYqIYk8SYKCW3opi+0nPPqBiLiWI8Htd0\/aon6Qc9GqzrOmPs\/fff37RpE6VUVVWLW3zbC5yymqb1uiMnZX9XcfRp12qaZhGaX8uPtLa2rlixIs0aXFSMCwLEFyKeAPEGiTd0tTpaJUT8YRIsIr4Q8QaJL4S9QewJkNCYyIgs5ZVXAYDqOjUMANCajiKHC7t9JFBofhJB4g9jbwhnO1BWHvYESLiYhIpJ4VhSUkZKykhxKSkuI8WluLiUlJYjuyv+wosAwBIqACivvRYZmY2DRdgbIP5ClJMfu6eWMcrFngpCYufOxK4PaFRIZ9MAWH1nGIYoiohgIghRMSZKkiSLoiyLohgTY5x8oiRJsizJciojrYO9jlsHe4p5psi3khSTxKgYxQLBhIiiZHGpv6ftYTA3IXbv3r1x40ZOsp45Ssq7WVuLhW1tbW+99dbvfve70tLSuXPnxmKxXt9NL9Lzp1EU5cCBAytXrqyqqvL7\/evXr+eVpvKeDwsnT558\/PHH09pHKQz2BrE3RDxBnJuP7PnY7sT2fJznxHlObM9HDje2O9FoOy4IYF8oyUtPEPvDOM8VnV3DNC35YgQL4yuQw00ChdgTIN4Q9gSwP4zzC1C+W1z2UGLvXr21xWhrMy5fMa600+4uo6uLdnXxHaO7i3Z3G22XaVQAbpwwRqNRMqEC5XuIP4w9QeIvRFl2mZsZpvWS2i\/pAq9d13VOI0mWlISiaqqmG4ZuGEZv9eG9du1BwzB6SRU\/aFBqWADg\/9UNwzAM3dA1XVNVVUkooiQhjKOxWH9DNMdVDAaADz\/8cMOGDdZ\/UymbKquqqgJAV1fXk08++etf\/9pm4mc\/+9mVK1esy+Fq+vKrAGDnzp0FBQW2FMydOxfMcQDMeRvfnjx58rHHHvt2nfDvQIqKsTtAvCHiDSK3n4THJHZ+oDU0qIcatcOHtMOHtcOH1UONalOTduiQvO457Asil5eTGHuD2BfCbh8JjzE6O\/kN5b\/8JTIyhwSLuL1hsZyMr9COHP62j8cY47qufvIxyrJjLuTeIPaFUHae9OyzTFMBgKoq476jtDKY95cQjSJCJFlOqAndHFc5Ojo6mpqam5qav\/jiRCQSAQDDMM6c+fLo0aampuaTJ092dnaCSZvz5y80Nzc3Nx\/jnqVU+wQAaDTGVM06CibNdENX1IQkSwhjURS\/4f16M3jXrl0bN26EFDKl0t8aXADgwIEDt99+O+ffsGHDhg8fPmjQoJtvvvnUqVP8HOtyS1Appd3d3TU1NfyqwYMHDx069Kabbho2bNiiRYusc6yX4RWdOnXqBmow52JRCSUCAFzbUPyI+tlB7PIk6esNEm8QeYLYG9C\/PMMYMzo7SNFY7PYRk+LEH8b5HlI23rh0EbhdaxhJo5lSZhhU0xmlyt\/fEKbNiM2\/J3b3vNi8BdGZ1VpjQ\/J8xrhjTt6wAY0YTQJF5scTRll2YWa1duwYADDdSK8AcyQSiW4UiYlSIpHgXcmJxTXl2Wf\/XFw8durU6UVFxQsWLDxz5kwkErnjjjnjx0+srJxaWlpeW3v\/yZOnAGDHjvenTJlaWVlVUTF5+vSZH3\/8MQBQSqmuMwCj7XKsdpFa38gAqKmYFgF0Q1cSSjQWi0RQIqH296h9aDBncC8KWjv8tGPHjt188802m23o0KFDhw61ePyTn\/ykubkZUpxfqfSVJMnv93PuDhs2bNCgQZYGz5s3D675bPhNTp06dUM02JPUYFzgJ4XFxtdtzDCopiXZZhaq69xHFluwEOU4iT+MPEHiCyJPAPtD+vlzjDGlrg6NzjXN36RIozyX2tgAAFTTuOT0WFaUUl0HAOlPqyO\/uQ07ClBuPs4riPzH7YndHwIA\/5VznQGTVq2KjMjCvhAOhLEngIOF2O5CDndixw4w6Z7GxmGMEUGIYBSPx1VNtcZDi1u\/\/\/2TixYtliT5woWLEydO2rr15fb29lmzZm\/d+jKltLGxsaJi8ptvvo0xnjy5csWKxzHGX3\/dtmjR4lmzqgkhYOqC1nwcewuVHbv4kV7fCaVU1VRJlrsjEUEQ+nvab2Kw9RO\/o67r3OLp7u4ePXo0p+yQIUNsNpvD4Xj++efr6+ubm5tlWWYpvWUZVQDwyCOP2Gy2m266ySK9y+V64IEHnnnmmQMHDlyrwRaDb5QGe00NLiyhV9oBgJp6k2r8cMEQlyxDWXmcptgfwvkeYfIUKssAEPvdYpTtwIFC5A1gT4AEClF2nvjgEgBguk5N+vZUz5KeY\/m59SjHQUJF2B8mwTHI7lT37YUUUvInYADxv25BdhfKzceBQuQJYH8hLgigrFz1o48gJbySFhiG0dXdjQhREopu6L3m4wDw1FNPz50777PPPt+9e3dp6bjXXnujs7Nz9uyap5\/+46FDh7ds2Tp9+sx\/\/et\/19fXV1VNq69v4LfdtevDkpLS1tOnGWPqqZbYgw9H716IfWOE2XfH7n9Q2fYemGwxm55puh5XlK7u7o6Ojv6e9roYbPUlN2T\/+Mc\/cvoOHjzYZrPV1taKoph6014vzG91\/PjxH\/\/4x0OGDOGk\/8UvfrFt2zbLMuanWcKfagffcAa7vKSklHZ1AvQRN0kG2AghJWXY5cW+EPIGSLAIjcqVVj4DADQaFcZXYGeKlewPoxyHevAgY4wHIHprJGNMNwBAXrsuMjoXBwqxJ4ADYZSdp+7dA5yRqUMfV5B\/\/St6Ty3KdmB\/ODlNdPuxN2hcvJBeDdY0raOzExMSTyT6ZPDKlc9UVlbNnl1TU3PnE0\/8vqOjo729\/c4775o+feZdd91dWVk1c2Z1d3f3p59+OnXq9IaGRn7bffv2FxePbTl9mjGWqD8Uq10k3DEPe4uEGTWx+fcpb9ZBnwxOKJ1dXW2XL\/f3tN+OwYyxy5cv\/\/KXvxw0aBDX0cWLFwOAruuqqmqa1suZAKbT1zCMWbNm2Wy24cOH22y2n\/\/858eOHeONlUgk+BTV8lR81xrs8pGxZbS7CwCYpjFZZvFkobJEZUk\/0xpdWItynUnqcKa6vPqZM4wx7dQp7PFz+4F73JDLS0rLKYqASb7esDR43XNotD1pfvgLUbbD0mDoZb\/pOg9lS48\/gbLzOOlJsAiNyhGXr0hv4xiGcenrr7si3XFFUTUt1YrgvfPUU08\/8MCiK1faJUlKJBIA0NbWNnt2zYsvblIU5cCBj2fMmNXYeKijo3Py5CmrVq0WRZEQ8vTTf5w6dbokScANJEq1pmM4WKJs38nHmZ5Br8eK0GQl3t7RceHCxf6e9lswmFsC7777rs1m4zqanZ3N3caaptEUpH6y\/KrLly\/feuut3G4eMmTIjh07Uh\/C+jxSL4fvgMEebkV4SUkZ7egAAO3ECVI+UZg6XZgyTZgyTZgyVZgyDXsDODc\/SV9vEHtD6LZRVgKD2tiI7E7iCxNvCHsDSUfbnLsYu+pLvgqpDM5KYXDOVQxObXxIxpOBJRLCtBkoz038YewNYk8Q+0P6mTPpbZ9z5861Xb4sy\/K1MznG2COPLF+4sFaSZDDd\/21tbRUVk156aQsAfPnlVxUVk19\/\/Q0A2Lr15fLyCbNmVU+fPmvixEm7d38EKZ4W\/atzZMpM9bN6MPuaXTOTEyXp3IUL586d7+9Rvx2DGWMPPvggNyFsNtv69eshZfplnWxtueHBGPv8889vuukmbvvecsstGzdu3LRp0+bNmzdt2rR161ZBEHo5rr87K8IbxC4fLiml7e0AoB45gkblYKcHOwp6SkGQ+AstRwTOL5Cf38AAmK4zxrQjR1CeywzgBYg\/jPNcwuw7mKFfF4NH\/xsGw9UkBoDEjvfR6Fz+SCRQiLId8b++lMbGYYx1d0eOHT8uiFEpLquqahgGTXmXpqam+vqG1HhqIpE4cODjs2fPMsYUJbF\/\/\/62tjZ+\/hdfnHjnnf\/atm3b6dMt1rswPjcwDP38BaYkrvWmGYahJBKSLGOBHGlqEoRof097vQzmNwWA+fPncykdPHjwnj17mOmdgBS\/W6oG86Ddli1bbDYbdz6kuiD4rS5cuACm9yO11284g32WHWxqcFMTdrjNfAmz+ELYw50MIez2Km+8AQDM5JPechoX+JMneILEF0JuHykpo91dXLj6qL5PBgf6ZXBPmxoGY8y4eBH7Q7jAT7xB7A9juzN2731pbBzGmGHQ5uZjx0+ckOJxOR6PK3FVVTVd1w3dMIMURgqsrk\/NLDBDFj1IRjRSYUU0zAiIpmkJVZXj8biixETx8NEjLS0tjF1fTA6uw4pYsGCB5UT79NNPwdTgXrBElDN448aN3IlmsXb48OHDhw8fOnToLbfccunSpdThA67xpqWfwYWWHRzGLo9QNp5GugFAa76awVZsORlQCGJvgBSXyWvXMkXh6WmGgEnZBOzy4WSEL4j9IZSbrzU28uGyDxnuxWD\/v9Hgnl7gIxWOkHETkNODfSHsC2GXV5hUmcbG4c0uCMInn3za0HgogpCiqkpCSahqQlU1XUuoqqImNF3XdE3TdV6siRDfV\/m+piVUVdU0VdMS\/BvQdWur6bpm\/qrqGj9ZUdW4oiiJxJX29gMff9J46HBCUfoYx0z8X2own5C9\/\/77lhGcStxUHmuaxhirq6u7Vn05hgwZkqrBVo3w3VgR\/hB2eklpOZ\/JqUePoNG52O3rSX3M92KXj2eWYU8Qe4M8PS06dz4lhAEwgFjtvSgnHwcKcdKbFkZZdunRx8D0pvUmcX9WRPZ1Mdjo7CBjxiK3LxkVL\/CTkrI0No7Vm5iQgwc\/e2\/7jj379h0\/caKltfV0S8uplpbTrS0tra2nW1tb0llaTrW0nG5paWlt\/eLEib3797\/zX+\/+o75ekmX4xtzab20HP\/vss5YdzFPGviEHiFLKlfvkyZM\/\/elPLcouXrx49erVq1atWrVq1dq1azHGqR8AfGca7AsRXxg7vULZeNrdDQDaF8dJUYkwvkIorxDKJwrlE0l5BSkuRXYntrusyRwJjkEjsmL33c80DRiLv\/oqGmWGlJMRjSByuHkqGTWTn3p4zJK5bPK651BWLglew+C+hjUwk4O1o0eR3Zl0ifhC2OkRKqvS2DhWXzDGFEU58+WXBw9+tmv37ne3b39727a6urq6be\/UbXunbts2c\/vfKdZ93qmrq3t727b3duz4aM\/ef9TXnz9\/gU+ivnVeRJ8MBjOVp7m5+Yc\/\/OHgwYMHDRp06623cvnkJE5VGouCnPeiKObl5XH7wWaz9WJkqgOl1+Vw4xjsTrEiSssNFAEAqqqUkKsKxkZnh\/rZwWh1DXeoIU8AewI4OCYyYrTy1psAYFy8SAJhXOAnKS5hnF9ASsv1c+eAMzLVyudREsaktetQlh0Hwj1WxN49wJl6dWiQ51tyq1pcugxlO0ggjL0B4g+j3HxpRZrbB1K\/N+5yUVVZlkVJkkRRukEQRVGSZFlWeRTzOlIr4VvF5KiZTjlmzBjLkCgoKLh48SKYft\/U1JxUQwJMU3jIkCHcGn7lFdMbpao8i7LPDwBuNIP9Yez0CuUTKcFWvb2QDGqIsWj1HSjPzZWY+ELI4RamTGOyBADSylVmZk+A+JKJaSjPTcaWqwcP9nVPBgDyc+sjo3NJsBB7gsRXiLLzkhrcz6DJdE3esBHn5mNfODl39Iex3ZnYty9dLTPg0DvDvVdumvVrKhc\/+OADnpTDBfW2227buXMnxpifnOpSANOGppQKgjBy5EjLAvnRj3705JNPnj17NtXE6ZPBNzC7kmtwvkeYOJnForxG1quwZDQSANTPP0c5DswdsXwEd7i15ibGGO3sICVlKL+ABAqxN5D0DQfCON+D81zisoe0w4cowlSIUiFKBcFAmEqS9KfViMfkkhqcjMlRUUx88IHy3nuJHdsTO7Yr299LvL9Def316Jy7UHZeMk\/NEyD+MLK7ojNmUSWe3vYZQOg3N+1aBlsqCwC1tbWpeRE2m+23v\/1tVVXVihUrEonEtTactdqCn8z1m\/uGS0tLq6urDx06ZFVqsf8G5qYVXs3g8RU8MbcP8WMsuSSOMaOrixSVIJeP+EKI5z+MzlW21fHHVesbkD0fu\/04UIg9QdN9EcK+EMrKQ3YnKZsgjJ9Exk9KbidWksISM0pi2sF7PgIA\/cpl5PZFRmaj7DyUZUdZdpxlR6Pt2O5Kpsx7zPD1qGz1k0\/S2zgDC99Cg037TaeUyrI8efJk7l6w0nRsNtuIESMURYGrJ4+pJF63bp2VyMbFmOONN94A09TuxeAbkR+Mi8Ygtz\/p+XJ6exjcpxXBTDeWIAjjK5DTg\/nKH39hZFROfPNfASAp0nv2oHw3Tq4yCmFPKLkAJFDIp4xXlXxP8ivyBHkwD2UlNdjoaCdjy3mSEAmEexbw+QuJJ8S5S\/yFkdtGymvXQrozewYWejN4165dzz\/\/PPTPYMsqiMViCxcutFy8P\/jBD4YNG1ZQUJCqwdblYJrRAPDee+\/95je\/sfwS\/MJ33303tdLvworwBPgiIuzyCRMm0ajArvGlJN+CJ+hQaly6iH1B7Akkx\/FAERqVw+NhTNe5e0FrbhamTkcjc7DDjX1hzJmXXOlpLia1dnzhZG6GL5SMaFgMLhmHC\/w8ntLjnPaHcaAQ+8PY4UajcuQ1a5JfV1oXcg8s9F5ltGvXrg0bNjAzRd2yZeHqRBM+9wKAjz76aNy4cZan7FoNTqWCReKOjo4lS5b86le\/+gYNZjdylREOhFG+B7t82O1HuU4yvoKJMf58ve1g8+8zAID87J+TCZaeIPKaVsTbb\/MhJrkFYAkl\/trrwpRpyO5Eo3JRjgM53NjlTa7r5MWZuvUihxt7ApGROYmPdgOA3n4FB4tQrhM7PTi\/ADs9ON+D8z3Ino9G5qDsPKFqmrpvHzNTZNLbOAMLvVd67tq1a\/PmzZYf1wJL8TBQc52Tdc6xY8defvnllStXbt68mYcwrmW\/JW9WRmV7e\/v27dvXrl37xBNPnD59Gq5O7wAzRNna2pr+DPcJFaS4VBg7TigtJ+Ex0eo7qCwB9LFGgx9kcVl+cRPOc3P1Jd4A9gS5J0s1V1Wkng8AVFG0xsb4ho2x++4XpkwjpeOEsWW8kOJSoaRMGDtOGDtOGFsmlE8UJk8Rxo4jvoD68ceMMaOzQ5g+k4wbL0yoECZUCBMnCRWTycSK6N3z5NV\/VvfvZ4kEr5T1GfP7n4TeVkRDQ8MDDzwASae7Tq8Gp5SeAkuMLRgp6417XWv9pGlaamYwx7UVcdfH7t27ly1blt5OogKhhFCBUIEYGNGowDRVXr069p+LxKUPiUuXiUuXiUuWJXeWPSRMnY6y7D3JPXwxnNNLyifQWAxMQ5lRSrs6eRrkVSsxFYUKAiOY18s0lckyJZhiTAkxvvpS3beXqQkai1JOTWowRWGayhhjisIkiYoxJonakaP6qZO8d9g1Dvv\/mehhsMWbe+65Z82aNdcuo\/9e0NLSMnPmzKamphtXBe98piaECZMit41EufkoKw9lO1C2A2c7cLYDZefhpJuMz8yCyBMgoTHot6Pjr74GphYCgHr4sFA1lXZ3WQu\/jHPntEOHUysCAO34caO93TqiNjRE59ypnzxpRBAz\/SFUlmlHh\/7FF5Qn1DIGAMqO7cpbb\/K1TwDANE1raKCRyI1rnP\/30WNFWKIbi8Uefvjh+++\/\/7HHHnv00UdXfB\/g9T788MPV1dX79++HdP\/VqVQbN5l8o6nRWXdgp4cEi3qm\/ylTLuwNJv0AvhAJmVFlVbUWbwKAsq0O5bu1I0f4yK59cTxaMyd691zpT6u5O50xJq1ZK1RNEyqrtBMnzETvo2Rsaaz23mj1HUySuJwndu4k4yfG5s6P\/eci69r4lq3yxheATxypIS5\/VJg+M1o927h0IY2NM7CQ+duVpqWuJqIzqrHDTfxhYv6Fnp6tL0R8YRIoxL4wzvdERmTFHljE3RdcMjnt9C+\/jM2bD6YAy2vXRWfXxDdvis2dR\/kEV4kLEypoJEIvtxnnz\/NrtYaG6D0LmRIXKqv0tjb+VIm33xaXP0q7u4TpM6iu8TPldeulVav5CcbFi2T8RAagt7YY\/S\/C+f8eGQabDNZUYdoslOvE3iAuCCSLx9wp8COHB+XkI7tTmDhJeest\/vcOmDX15IsOWlvI2DLj6685oZW6umj17Pirr8ZfeolRg1HGdD1afUd8y1bpD3\/Qjh\/nVasHD0bvnsskUZhQobe1JQ2G118XH3rEuHxZqKyimprMZXt2jfTU0wDAKKUYC5VTlLpt0uNP6OfOfo8N+P0iw+AMBjYyDM5gYCPD4AwGNjIMzmBgI8PgDAY2MgzOYGAjw+AMBjYyDM5gYCPD4AwGNjIMzmBgI8PgDAY2MgzOYGAjw+AMBjb+D0GV1Ts9q7ZMAAAAAElFTkSuQmCC\" alt=\"\" \/><\/p>\n","protected":false},"featured_media":10634,"template":"","meta":{"_et_pb_use_builder":"","_et_pb_old_content":"","_et_gb_content_width":""},"pwb-brand":[],"product_brand":[],"product_cat":[773],"product_tag":[],"class_list":{"0":"post-10635","1":"product","2":"type-product","3":"status-publish","4":"has-post-thumbnail","6":"product_cat-hydrauliset-puristimet","8":"first","9":"instock","10":"sale","11":"taxable","12":"shipping-taxable","13":"purchasable","14":"product-type-simple"},"brands":[],"_links":{"self":[{"href":"https:\/\/silikotek.sapartners.site\/index.php\/wp-json\/wp\/v2\/product\/10635","targetHints":{"allow":["GET"]}}],"collection":[{"href":"https:\/\/silikotek.sapartners.site\/index.php\/wp-json\/wp\/v2\/product"}],"about":[{"href":"https:\/\/silikotek.sapartners.site\/index.php\/wp-json\/wp\/v2\/types\/product"}],"wp:featuredmedia":[{"embeddable":true,"href":"https:\/\/silikotek.sapartners.site\/index.php\/wp-json\/wp\/v2\/media\/10634"}],"wp:attachment":[{"href":"https:\/\/silikotek.sapartners.site\/index.php\/wp-json\/wp\/v2\/media?parent=10635"}],"wp:term":[{"taxonomy":"pwb-brand","embeddable":true,"href":"https:\/\/silikotek.sapartners.site\/index.php\/wp-json\/wp\/v2\/pwb-brand?post=10635"},{"taxonomy":"product_brand","embeddable":true,"href":"https:\/\/silikotek.sapartners.site\/index.php\/wp-json\/wp\/v2\/product_brand?post=10635"},{"taxonomy":"product_cat","embeddable":true,"href":"https:\/\/silikotek.sapartners.site\/index.php\/wp-json\/wp\/v2\/product_cat?post=10635"},{"taxonomy":"product_tag","embeddable":true,"href":"https:\/\/silikotek.sapartners.site\/index.php\/wp-json\/wp\/v2\/product_tag?post=10635"}],"curies":[{"name":"wp","href":"https:\/\/api.w.org\/{rel}","templated":true}]}}