{"id":10590,"date":"2014-09-02T21:17:41","date_gmt":"2014-09-02T21:17:41","guid":{"rendered":"http:\/\/192.168.100.222\/target_carts\/wordpress\/wordpress495\/wordpress\/?product=ruuvimeisselisarja-ergotorque-kstools"},"modified":"2024-09-30T09:52:59","modified_gmt":"2024-09-30T06:52:59","slug":"iskuruuvimeisselisarja-ergotorque-kstools","status":"publish","type":"product","link":"https:\/\/silikotek.sapartners.site\/index.php\/tuote\/iskuruuvimeisselisarja-ergotorque-kstools\/","title":{"rendered":"Kstools ERGOTORQUE Iskuruuvimeisselisarja 151.1150"},"content":{"rendered":"<p>151.1101 ERGOmax ristip\u00e4\u00e4meisseli, PH0<br \/>\n151.1102 ERGOmax ristip\u00e4\u00e4meisseli, PH1<br \/>\n151.1104 ERGOmax ristip\u00e4\u00e4meisseli, PH2<br \/>\n151.1105 ERGOmax ristip\u00e4\u00e4meisseli, PH3<br \/>\n151.1106 ERGOmax ristip\u00e4\u00e4meisseli, PH4<br \/>\n151.1107 ERGOmax stubby ristip\u00e4\u00e4meisseli, PH2<br \/>\n151.1109 ERGOmax T-grip r\u00e4ikk\u00e4, 1\/4&#8243;, 45 hampainen<br \/>\n151.1123 ERGOmax ruuvimeisseli lattap\u00e4\u00e4, 3.5mm<br \/>\n151.1128 ERGOmax ruuvimeisseli lattap\u00e4\u00e4, 5.5mm<br \/>\n151.1131 ERGOmax stubby ruuvimeisseli lattap\u00e4\u00e4, 6mm<br \/>\n151.1132 ERGOmax ruuvimeisseli lattap\u00e4\u00e4, 7mm<br \/>\n151.1133 ERGOmax ruuvimeisseli lattap\u00e4\u00e4, 8mm<br \/>\n151.1134 ERGOmax ruuvimeisseli lattap\u00e4\u00e4, 10mm<\/p>\n<p>Unboxing-video:<br \/>\n<iframe loading=\"lazy\" src=\"http:\/\/view.vzaar.com\/13511460\/video\" width=\"600\" height=\"450\"><\/iframe><\/p>\n","protected":false},"excerpt":{"rendered":"<p>13-osainen Iskuruuvimeisselisarja raskaaseen ammattik\u00e4ytt\u00f6\u00f6n. Mukana 1\/4&#8243; k\u00e4mmenr\u00e4ikk\u00e4. Voit my\u00f6s v\u00e4\u00e4nt\u00e4\u00e4 tavallisella 1\/4&#8243; r\u00e4ikk\u00e4ll\u00e4 tai t-v\u00e4\u00e4ntimell\u00e4. Ruuvimeisseleit\u00e4 voi my\u00f6s ly\u00f6d\u00e4 vasaralla.<\/p>\n<p>DIN: DIN 3120, ISO: ISO 1174<\/p>\n","protected":false},"featured_media":20327,"template":"","meta":{"_et_pb_use_builder":"off","_et_pb_old_content":"151.1101 ERGOmax ristip\u00e4\u00e4meisseli, PH0\r\n151.1102 ERGOmax ristip\u00e4\u00e4meisseli, PH1\r\n151.1104 ERGOmax ristip\u00e4\u00e4meisseli, PH2\r\n151.1105 ERGOmax ristip\u00e4\u00e4meisseli, PH3\r\n151.1106 ERGOmax ristip\u00e4\u00e4meisseli, PH4\r\n151.1107 ERGOmax stubby ristip\u00e4\u00e4meisseli, PH2\r\n151.1109 ERGOmax T-grip r\u00e4ikk\u00e4, 1\/4\", 45 hampainen\r\n151.1123 ERGOmax ruuvimeisseli lattap\u00e4\u00e4, 3.5mm\r\n151.1128 ERGOmax ruuvimeisseli lattap\u00e4\u00e4, 5.5mm\r\n151.1131 ERGOmax stubby ruuvimeisseli lattap\u00e4\u00e4, 6mm\r\n151.1132 ERGOmax ruuvimeisseli lattap\u00e4\u00e4, 7mm\r\n151.1133 ERGOmax ruuvimeisseli lattap\u00e4\u00e4, 8mm\r\n151.1134 ERGOmax ruuvimeisseli lattap\u00e4\u00e4, 10mm","_et_gb_content_width":""},"pwb-brand":[1454],"product_brand":[],"product_cat":[768],"product_tag":[],"class_list":{"0":"post-10590","1":"product","2":"type-product","3":"status-publish","4":"has-post-thumbnail","6":"pwb-brand-kstools","7":"product_cat-ruuvimeisselit","9":"first","10":"instock","11":"taxable","12":"shipping-taxable","13":"purchasable","14":"product-type-simple"},"brands":[{"id":1454,"name":"Kstools","slug":"kstools"}],"_links":{"self":[{"href":"https:\/\/silikotek.sapartners.site\/index.php\/wp-json\/wp\/v2\/product\/10590","targetHints":{"allow":["GET"]}}],"collection":[{"href":"https:\/\/silikotek.sapartners.site\/index.php\/wp-json\/wp\/v2\/product"}],"about":[{"href":"https:\/\/silikotek.sapartners.site\/index.php\/wp-json\/wp\/v2\/types\/product"}],"wp:featuredmedia":[{"embeddable":true,"href":"https:\/\/silikotek.sapartners.site\/index.php\/wp-json\/wp\/v2\/media\/20327"}],"wp:attachment":[{"href":"https:\/\/silikotek.sapartners.site\/index.php\/wp-json\/wp\/v2\/media?parent=10590"}],"wp:term":[{"taxonomy":"pwb-brand","embeddable":true,"href":"https:\/\/silikotek.sapartners.site\/index.php\/wp-json\/wp\/v2\/pwb-brand?post=10590"},{"taxonomy":"product_brand","embeddable":true,"href":"https:\/\/silikotek.sapartners.site\/index.php\/wp-json\/wp\/v2\/product_brand?post=10590"},{"taxonomy":"product_cat","embeddable":true,"href":"https:\/\/silikotek.sapartners.site\/index.php\/wp-json\/wp\/v2\/product_cat?post=10590"},{"taxonomy":"product_tag","embeddable":true,"href":"https:\/\/silikotek.sapartners.site\/index.php\/wp-json\/wp\/v2\/product_tag?post=10590"}],"curies":[{"name":"wp","href":"https:\/\/api.w.org\/{rel}","templated":true}]}}