{"id":10396,"date":"2014-08-27T13:51:19","date_gmt":"2014-08-27T13:51:19","guid":{"rendered":"http:\/\/192.168.100.222\/target_carts\/wordpress\/wordpress495\/wordpress\/?product=xzn-1-2-bits-hylsysarja"},"modified":"2019-10-29T18:29:05","modified_gmt":"2019-10-29T16:29:05","slug":"xzn-1-2-bits-hylsysarja","status":"publish","type":"product","link":"https:\/\/silikotek.sapartners.site\/index.php\/tuote\/xzn-1-2-bits-hylsysarja\/","title":{"rendered":"XZN 1\/2&#8243; Bits hylsysarja"},"content":{"rendered":"<p>Sarja sis\u00e4lt\u00e4\u00e4:<br \/>\nM5, M6, M8, M9, M10, M12, M14, M16, 55 mm pitk\u00e4t hylsyt<br \/>\nM5, M6, M8, M9, M10, M12, M14, 100 mm pitk\u00e4t hylsyt<br \/>\nM5, M6, M8, M9, M10, M12, M14, 140 mm pitk\u00e4t hylsyt<br \/>\nM8, M10, M12, M14, 200 mm pitk\u00e4t hylsyt<\/p>\n","protected":false},"excerpt":{"rendered":"<p>Bgs 1\/2&#8243; XZN Bits hylsysarja<\/p>\n","protected":false},"featured_media":10395,"template":"","meta":{"_et_pb_use_builder":"","_et_pb_old_content":"","_et_gb_content_width":""},"pwb-brand":[],"product_brand":[],"product_cat":[1614,787],"product_tag":[],"class_list":{"0":"post-10396","1":"product","2":"type-product","3":"status-publish","4":"has-post-thumbnail","6":"product_cat-1-2-hylsysarjat","7":"product_cat-hylsyt","9":"first","10":"instock","11":"sale","12":"taxable","13":"shipping-taxable","14":"purchasable","15":"product-type-simple"},"brands":[],"_links":{"self":[{"href":"https:\/\/silikotek.sapartners.site\/index.php\/wp-json\/wp\/v2\/product\/10396","targetHints":{"allow":["GET"]}}],"collection":[{"href":"https:\/\/silikotek.sapartners.site\/index.php\/wp-json\/wp\/v2\/product"}],"about":[{"href":"https:\/\/silikotek.sapartners.site\/index.php\/wp-json\/wp\/v2\/types\/product"}],"wp:featuredmedia":[{"embeddable":true,"href":"https:\/\/silikotek.sapartners.site\/index.php\/wp-json\/wp\/v2\/media\/10395"}],"wp:attachment":[{"href":"https:\/\/silikotek.sapartners.site\/index.php\/wp-json\/wp\/v2\/media?parent=10396"}],"wp:term":[{"taxonomy":"pwb-brand","embeddable":true,"href":"https:\/\/silikotek.sapartners.site\/index.php\/wp-json\/wp\/v2\/pwb-brand?post=10396"},{"taxonomy":"product_brand","embeddable":true,"href":"https:\/\/silikotek.sapartners.site\/index.php\/wp-json\/wp\/v2\/product_brand?post=10396"},{"taxonomy":"product_cat","embeddable":true,"href":"https:\/\/silikotek.sapartners.site\/index.php\/wp-json\/wp\/v2\/product_cat?post=10396"},{"taxonomy":"product_tag","embeddable":true,"href":"https:\/\/silikotek.sapartners.site\/index.php\/wp-json\/wp\/v2\/product_tag?post=10396"}],"curies":[{"name":"wp","href":"https:\/\/api.w.org\/{rel}","templated":true}]}}