{"id":10362,"date":"2014-08-23T11:31:43","date_gmt":"2014-08-23T08:31:43","guid":{"rendered":"http:\/\/192.168.100.222\/target_carts\/wordpress\/wordpress495\/wordpress\/?product=voimahylsyt-1-kstools"},"modified":"2018-07-04T14:26:21","modified_gmt":"2018-07-04T11:26:21","slug":"voimahylsyt-1-kstools","status":"publish","type":"product","link":"https:\/\/silikotek.sapartners.site\/index.php\/tuote\/voimahylsyt-1-kstools\/","title":{"rendered":"Voimahylsyt 1&#8243;, Kstools"},"content":{"rendered":"<p>6 kulmaiset<br \/>Standard DIN 3129 \/ ISO 2725-2<br \/>kuusikolo DIN 3121 \/ ISO 1174<br \/>lyhyt hylsy<br \/>Konek\u00e4ytt\u00f6\u00f6n.<br \/>Fosfatoitu pinta<br \/>Chrome molybdenium<\/p>\n","protected":false},"excerpt":{"rendered":"<p>Konehylsyt 1&#8243;<\/p>\n","protected":false},"featured_media":10361,"template":"","meta":{"_et_pb_use_builder":"","_et_pb_old_content":"","_et_gb_content_width":""},"pwb-brand":[1454],"product_brand":[],"product_cat":[827],"product_tag":[],"class_list":{"0":"post-10362","1":"product","2":"type-product","3":"status-publish","4":"has-post-thumbnail","6":"pwb-brand-kstools","7":"product_cat-voimahylsyt-ja-sarjat","8":"pa_avainkoot-22-mm","9":"pa_avainkoot-24-mm","10":"pa_avainkoot-27-mm","11":"pa_avainkoot-29-mm","12":"pa_avainkoot-30-mm","13":"pa_avainkoot-31-mm","14":"pa_avainkoot-32-mm","15":"pa_avainkoot-33-mm","16":"pa_avainkoot-34-mm","17":"pa_avainkoot-36-mm","18":"pa_avainkoot-37-mm","19":"pa_avainkoot-38-mm","20":"pa_avainkoot-40-mm","21":"pa_avainkoot-41-mm","22":"pa_avainkoot-42-mm","23":"pa_avainkoot-46-mm","24":"pa_avainkoot-50-mm","25":"pa_avainkoot-55-mm","26":"pa_avainkoot-60-mm","27":"pa_avainkoot-65-mm","28":"pa_avainkoot-70-mm","29":"pa_avainkoot-1229","30":"pa_avainkoot-80-mm","31":"pa_avainkoot-1230","32":"pa_avainkoot-90mm","33":"pa_avainkoot-1231","35":"first","36":"instock","37":"taxable","38":"shipping-taxable","39":"purchasable","40":"product-type-variable"},"brands":[{"id":1454,"name":"Kstools","slug":"kstools"}],"_links":{"self":[{"href":"https:\/\/silikotek.sapartners.site\/index.php\/wp-json\/wp\/v2\/product\/10362","targetHints":{"allow":["GET"]}}],"collection":[{"href":"https:\/\/silikotek.sapartners.site\/index.php\/wp-json\/wp\/v2\/product"}],"about":[{"href":"https:\/\/silikotek.sapartners.site\/index.php\/wp-json\/wp\/v2\/types\/product"}],"wp:featuredmedia":[{"embeddable":true,"href":"https:\/\/silikotek.sapartners.site\/index.php\/wp-json\/wp\/v2\/media\/10361"}],"wp:attachment":[{"href":"https:\/\/silikotek.sapartners.site\/index.php\/wp-json\/wp\/v2\/media?parent=10362"}],"wp:term":[{"taxonomy":"pwb-brand","embeddable":true,"href":"https:\/\/silikotek.sapartners.site\/index.php\/wp-json\/wp\/v2\/pwb-brand?post=10362"},{"taxonomy":"product_brand","embeddable":true,"href":"https:\/\/silikotek.sapartners.site\/index.php\/wp-json\/wp\/v2\/product_brand?post=10362"},{"taxonomy":"product_cat","embeddable":true,"href":"https:\/\/silikotek.sapartners.site\/index.php\/wp-json\/wp\/v2\/product_cat?post=10362"},{"taxonomy":"product_tag","embeddable":true,"href":"https:\/\/silikotek.sapartners.site\/index.php\/wp-json\/wp\/v2\/product_tag?post=10362"}],"curies":[{"name":"wp","href":"https:\/\/api.w.org\/{rel}","templated":true}]}}