{"id":10001,"date":"2014-07-29T15:00:17","date_gmt":"2014-07-29T15:00:17","guid":{"rendered":"http:\/\/192.168.100.222\/target_carts\/wordpress\/wordpress495\/wordpress\/?product=man-jarrusatulan-hylsysarja"},"modified":"2023-01-04T23:26:45","modified_gmt":"2023-01-04T21:26:45","slug":"man-jarrusatulan-hylsysarja","status":"publish","type":"product","link":"https:\/\/silikotek.sapartners.site\/index.php\/tuote\/man-jarrusatulan-hylsysarja\/","title":{"rendered":"Kstools MAN jarrusatulan hylsysarja 450.0360"},"content":{"rendered":"<ul>\n<li class=\"liste\">Erikoisliitin<\/li>\n<li class=\"liste\">Aarruputkien laitteiston purkamiseen ja kokoonpanoon<\/li>\n<li class=\"liste\">Eritt\u00e4in tukeva<\/li>\n<li class=\"liste\">Sopii erityisen hyvin kapeisiin alueisiin<\/li>\n<li class=\"liste\">Chrome vanadium<\/li>\n<\/ul>\n<p><strong>Tekniset tiedot<\/strong><br \/>\nK\u00e4ytt\u00f6alue: MAN<br \/>\nPaino: 1330g<br \/>\nOsia: 3<\/p>\n<p><strong>Sis\u00e4lt\u00f6<\/strong><br \/>\n450.0361 Jarrusatulan hylsy, MAN, E20<br \/>\n450.0362 Jarrusatulan hylsy, MAN, E24<br \/>\n503.4228 R\u00e4ikk\u00e4-avain, 30mm<\/p>\n","protected":false},"excerpt":{"rendered":"<p>Erikoisliitin Aarruputkien laitteiston purkamiseen ja kokoonpanoon Eritt\u00e4in tukeva Sopii erityisen hyvin kapeisiin alueisiin Chrome vanadium Tekniset tiedot K\u00e4ytt\u00f6alue: MAN Paino: 1330g Osia: 3 Sis\u00e4lt\u00f6 450.0361 Jarrusatulan hylsy, MAN, E20 450.0362 Jarrusatulan hylsy, MAN, E24 503.4228 R\u00e4ikk\u00e4-avain, 30mm<\/p>\n","protected":false},"featured_media":18224,"template":"","meta":{"_et_pb_use_builder":"","_et_pb_old_content":"","_et_gb_content_width":""},"pwb-brand":[1454],"product_brand":[],"product_cat":[748,787,772],"product_tag":[],"class_list":{"0":"post-10001","1":"product","2":"type-product","3":"status-publish","4":"has-post-thumbnail","6":"pwb-brand-kstools","7":"product_cat-jarru-tyokalut","8":"product_cat-hylsyt","9":"product_cat-raikat","11":"first","12":"instock","13":"taxable","14":"shipping-taxable","15":"purchasable","16":"product-type-simple"},"brands":[{"id":1454,"name":"Kstools","slug":"kstools"}],"_links":{"self":[{"href":"https:\/\/silikotek.sapartners.site\/index.php\/wp-json\/wp\/v2\/product\/10001","targetHints":{"allow":["GET"]}}],"collection":[{"href":"https:\/\/silikotek.sapartners.site\/index.php\/wp-json\/wp\/v2\/product"}],"about":[{"href":"https:\/\/silikotek.sapartners.site\/index.php\/wp-json\/wp\/v2\/types\/product"}],"wp:featuredmedia":[{"embeddable":true,"href":"https:\/\/silikotek.sapartners.site\/index.php\/wp-json\/wp\/v2\/media\/18224"}],"wp:attachment":[{"href":"https:\/\/silikotek.sapartners.site\/index.php\/wp-json\/wp\/v2\/media?parent=10001"}],"wp:term":[{"taxonomy":"pwb-brand","embeddable":true,"href":"https:\/\/silikotek.sapartners.site\/index.php\/wp-json\/wp\/v2\/pwb-brand?post=10001"},{"taxonomy":"product_brand","embeddable":true,"href":"https:\/\/silikotek.sapartners.site\/index.php\/wp-json\/wp\/v2\/product_brand?post=10001"},{"taxonomy":"product_cat","embeddable":true,"href":"https:\/\/silikotek.sapartners.site\/index.php\/wp-json\/wp\/v2\/product_cat?post=10001"},{"taxonomy":"product_tag","embeddable":true,"href":"https:\/\/silikotek.sapartners.site\/index.php\/wp-json\/wp\/v2\/product_tag?post=10001"}],"curies":[{"name":"wp","href":"https:\/\/api.w.org\/{rel}","templated":true}]}}