{"id":20841,"date":"2019-09-11T13:47:42","date_gmt":"2019-09-11T10:47:42","guid":{"rendered":"https:\/\/www.silikotek.fi\/?page_id=20841"},"modified":"2019-09-11T13:47:42","modified_gmt":"2019-09-11T10:47:42","slug":"artikkelit-blogi","status":"publish","type":"page","link":"https:\/\/silikotek.sapartners.site\/index.php\/artikkelit-blogi\/","title":{"rendered":"Artikkelit"},"content":{"rendered":"<p>[et_pb_section bb_built=&#8221;1&#8243; fullwidth=&#8221;on&#8221; specialty=&#8221;off&#8221; next_background_color=&#8221;#000000&#8243; inner_width=&#8221;auto&#8221; inner_max_width=&#8221;1080px&#8221;][et_pb_fullwidth_post_slider _builder_version=&#8221;3.2&#8243; more_text=&#8221;Lue lis\u00e4\u00e4&#8221; show_meta=&#8221;off&#8221; use_text_overlay=&#8221;off&#8221; button_text_size__hover_enabled=&#8221;off&#8221; button_text_size__hover=&#8221;null&#8221; button_one_text_size__hover_enabled=&#8221;off&#8221; button_one_text_size__hover=&#8221;null&#8221; button_two_text_size__hover_enabled=&#8221;off&#8221; button_two_text_size__hover=&#8221;null&#8221; button_text_color__hover_enabled=&#8221;off&#8221; button_text_color__hover=&#8221;null&#8221; button_one_text_color__hover_enabled=&#8221;off&#8221; button_one_text_color__hover=&#8221;null&#8221; button_two_text_color__hover_enabled=&#8221;off&#8221; button_two_text_color__hover=&#8221;null&#8221; button_border_width__hover_enabled=&#8221;off&#8221; button_border_width__hover=&#8221;null&#8221; button_one_border_width__hover_enabled=&#8221;off&#8221; button_one_border_width__hover=&#8221;null&#8221; button_two_border_width__hover_enabled=&#8221;off&#8221; button_two_border_width__hover=&#8221;null&#8221; button_border_color__hover_enabled=&#8221;off&#8221; button_border_color__hover=&#8221;null&#8221; button_one_border_color__hover_enabled=&#8221;off&#8221; button_one_border_color__hover=&#8221;null&#8221; button_two_border_color__hover_enabled=&#8221;off&#8221; button_two_border_color__hover=&#8221;null&#8221; button_border_radius__hover_enabled=&#8221;off&#8221; button_border_radius__hover=&#8221;null&#8221; button_one_border_radius__hover_enabled=&#8221;off&#8221; button_one_border_radius__hover=&#8221;null&#8221; button_two_border_radius__hover_enabled=&#8221;off&#8221; button_two_border_radius__hover=&#8221;null&#8221; button_letter_spacing__hover_enabled=&#8221;off&#8221; button_letter_spacing__hover=&#8221;null&#8221; button_one_letter_spacing__hover_enabled=&#8221;off&#8221; button_one_letter_spacing__hover=&#8221;null&#8221; button_two_letter_spacing__hover_enabled=&#8221;off&#8221; button_two_letter_spacing__hover=&#8221;null&#8221; button_bg_color__hover_enabled=&#8221;off&#8221; button_bg_color__hover=&#8221;null&#8221; button_one_bg_color__hover_enabled=&#8221;off&#8221; button_one_bg_color__hover=&#8221;null&#8221; button_two_bg_color__hover_enabled=&#8221;off&#8221; button_two_bg_color__hover=&#8221;null&#8221; \/][\/et_pb_section][et_pb_section bb_built=&#8221;1&#8243; prev_background_color=&#8221;#000000&#8243; inner_width=&#8221;auto&#8221; inner_max_width=&#8221;1080px&#8221; next_background_color=&#8221;#000000&#8243;][et_pb_row][et_pb_column type=&#8221;4_4&#8243; custom_padding__hover=&#8221;|||&#8221; custom_padding=&#8221;|||&#8221;][et_pb_blog _builder_version=&#8221;3.2&#8243; fullwidth=&#8221;off&#8221; \/][et_pb_text _builder_version=&#8221;3.18.4&#8243;]<\/p>\n<h4><strong>Uusimmat tuotteet:<\/strong><\/h4>\n<p>[\/et_pb_text][et_pb_shop _builder_version=&#8221;3.18.4&#8243; posts_number=&#8221;4&#8243; columns_number=&#8221;4&#8243; orderby=&#8221;date-desc&#8221; \/][\/et_pb_column][\/et_pb_row][\/et_pb_section][et_pb_section bb_built=&#8221;1&#8243; _builder_version=&#8221;3.22&#8243; custom_padding=&#8221;1px|0px|0|0px|false|false&#8221; _i=&#8221;1&#8243; _address=&#8221;1&#8243; next_background_color=&#8221;#ac232e&#8221; prev_background_color=&#8221;#000000&#8243;][et_pb_row _builder_version=&#8221;3.25&#8243; background_size=&#8221;initial&#8221; background_position=&#8221;top_left&#8221; background_repeat=&#8221;repeat&#8221; custom_padding=&#8221;27px|0px|3px|0px|false|false&#8221; _i=&#8221;0&#8243; _address=&#8221;1.0&#8243;][et_pb_column type=&#8221;4_4&#8243; _builder_version=&#8221;3.25&#8243; custom_padding=&#8221;|||&#8221; _i=&#8221;0&#8243; _address=&#8221;1.0.0&#8243; custom_padding__hover=&#8221;|||&#8221;][et_pb_text _builder_version=&#8221;3.27.4&#8243; background_color=&#8221;#e7e7e7&#8243; custom_padding=&#8221;15px|30px|10px|30px&#8221; _i=&#8221;0&#8243; _address=&#8221;1.0.0.0&#8243;]<\/p>\n<h3>Uusimmat tarjoukset verkkokaupasta!<\/h3>\n<p>[\/et_pb_text][et_pb_shop type=&#8221;sale&#8221; posts_number=&#8221;4&#8243; columns_number=&#8221;4&#8243; orderby=&#8221;date-desc&#8221; _builder_version=&#8221;3.25.4&#8243; background_color=&#8221;#e7e7e7&#8243; custom_margin=&#8221;0px||&#8221; custom_padding=&#8221;30px|30px||30px&#8221; z_index_tablet=&#8221;500&#8243; title_text_shadow_horizontal_length_tablet=&#8221;0px&#8221; title_text_shadow_vertical_length_tablet=&#8221;0px&#8221; title_text_shadow_blur_strength_tablet=&#8221;1px&#8221; price_text_shadow_horizontal_length_tablet=&#8221;0px&#8221; price_text_shadow_vertical_length_tablet=&#8221;0px&#8221; price_text_shadow_blur_strength_tablet=&#8221;1px&#8221; sale_badge_text_shadow_horizontal_length_tablet=&#8221;0px&#8221; sale_badge_text_shadow_vertical_length_tablet=&#8221;0px&#8221; sale_badge_text_shadow_blur_strength_tablet=&#8221;1px&#8221; sale_price_line_height_tablet=&#8221;51&#8243; sale_price_text_shadow_horizontal_length_tablet=&#8221;0px&#8221; sale_price_text_shadow_vertical_length_tablet=&#8221;0px&#8221; sale_price_text_shadow_blur_strength_tablet=&#8221;1px&#8221; box_shadow_horizontal_tablet=&#8221;0px&#8221; box_shadow_vertical_tablet=&#8221;0px&#8221; box_shadow_blur_tablet=&#8221;40px&#8221; box_shadow_spread_tablet=&#8221;0px&#8221; box_shadow_horizontal_image_tablet=&#8221;0px&#8221; box_shadow_vertical_image_tablet=&#8221;0px&#8221; box_shadow_blur_image_tablet=&#8221;40px&#8221; box_shadow_spread_image_tablet=&#8221;0px&#8221; text_shadow_horizontal_length_tablet=&#8221;0px&#8221; text_shadow_vertical_length_tablet=&#8221;0px&#8221; text_shadow_blur_strength_tablet=&#8221;1px&#8221; _i=&#8221;1&#8243; _address=&#8221;1.0.0.1&#8243; \/][et_pb_blog fullwidth=&#8221;off&#8221; posts_number=&#8221;3&#8243; include_categories=&#8221;all&#8221; _builder_version=&#8221;3.19.5&#8243; _i=&#8221;2&#8243; _address=&#8221;1.0.0.2&#8243; \/][\/et_pb_column][\/et_pb_row][\/et_pb_section][et_pb_section bb_built=&#8221;1&#8243; _builder_version=&#8221;3.2&#8243; background_color=&#8221;#ac232e&#8221; prev_background_color=&#8221;#ffffff&#8221;][et_pb_row _builder_version=&#8221;3.0.106&#8243; width=&#8221;80%&#8221; max_width=&#8221;1080px&#8221;][et_pb_column type=&#8221;4_4&#8243; custom_padding__hover=&#8221;|||&#8221; custom_padding=&#8221;|||&#8221;][et_pb_signup provider=&#8221;sendinblue&#8221; sendinblue_list=&#8221;5&#8243; sendinblue_account_name=&#8221;info@silikotek.fi&#8221; sendinblue_api_key=&#8221;Jt6wYOTDUIxbsVkm&#8221; name_field=&#8221;on&#8221; success_message=&#8221;Kiitos! Olemme saaneet tilauspyynt\u00f6si.&#8221; title=&#8221;Tilaa uutiskirjeemme!&#8221; _builder_version=&#8221;3.0.106&#8243; custom_button=&#8221;on&#8221; button_font=&#8221;||||||||&#8221; box_shadow_style_fields=&#8221;preset3&#8243; box_shadow_style_button=&#8221;preset3&#8243; description=&#8221;Haluatko saada uusimmat uutiset ja kuumimmat tarjoukset sek\u00e4 edut suoraan s\u00e4hk\u00f6postiisi? Tilaa uutiskirjeemme.<\/p>\n<p>Emme luovuta henkil\u00f6tietoja eteenp\u00e4in. Voit peruuttaa uutiskirjeen tilauksen milloin tahansa.&#8221; button_text_size__hover_enabled=&#8221;off&#8221; button_text_size__hover=&#8221;null&#8221; button_one_text_size__hover_enabled=&#8221;off&#8221; button_one_text_size__hover=&#8221;null&#8221; button_two_text_size__hover_enabled=&#8221;off&#8221; button_two_text_size__hover=&#8221;null&#8221; button_text_color__hover_enabled=&#8221;off&#8221; button_text_color__hover=&#8221;null&#8221; button_one_text_color__hover_enabled=&#8221;off&#8221; button_one_text_color__hover=&#8221;null&#8221; button_two_text_color__hover_enabled=&#8221;off&#8221; button_two_text_color__hover=&#8221;null&#8221; button_border_width__hover_enabled=&#8221;off&#8221; button_border_width__hover=&#8221;null&#8221; button_one_border_width__hover_enabled=&#8221;off&#8221; button_one_border_width__hover=&#8221;null&#8221; button_two_border_width__hover_enabled=&#8221;off&#8221; button_two_border_width__hover=&#8221;null&#8221; button_border_color__hover_enabled=&#8221;off&#8221; button_border_color__hover=&#8221;null&#8221; button_one_border_color__hover_enabled=&#8221;off&#8221; button_one_border_color__hover=&#8221;null&#8221; button_two_border_color__hover_enabled=&#8221;off&#8221; button_two_border_color__hover=&#8221;null&#8221; button_border_radius__hover_enabled=&#8221;off&#8221; button_border_radius__hover=&#8221;null&#8221; button_one_border_radius__hover_enabled=&#8221;off&#8221; button_one_border_radius__hover=&#8221;null&#8221; button_two_border_radius__hover_enabled=&#8221;off&#8221; button_two_border_radius__hover=&#8221;null&#8221; button_letter_spacing__hover_enabled=&#8221;off&#8221; button_letter_spacing__hover=&#8221;null&#8221; button_one_letter_spacing__hover_enabled=&#8221;off&#8221; button_one_letter_spacing__hover=&#8221;null&#8221; button_two_letter_spacing__hover_enabled=&#8221;off&#8221; button_two_letter_spacing__hover=&#8221;null&#8221; button_bg_color__hover_enabled=&#8221;off&#8221; button_bg_color__hover=&#8221;null&#8221; button_one_bg_color__hover_enabled=&#8221;off&#8221; button_one_bg_color__hover=&#8221;null&#8221; button_two_bg_color__hover_enabled=&#8221;off&#8221; button_two_bg_color__hover=&#8221;null&#8221;]Haluatko saada uusimmat uutiset ja kuumimmat tarjoukset sek\u00e4 edut suoraan s\u00e4hk\u00f6postiisi? Tilaa uutiskirjeemme.<\/p>\n<p>Emme luovuta henkil\u00f6tietoja eteenp\u00e4in. Voit peruuttaa uutiskirjeen tilauksen milloin tahansa.<br \/>[\/et_pb_signup][\/et_pb_column][\/et_pb_row][et_pb_row _builder_version=&#8221;3.0.106&#8243; width=&#8221;80%&#8221; max_width=&#8221;1080px&#8221;][et_pb_column type=&#8221;1_2&#8243;][et_pb_contact_form title=&#8221;L\u00e4het\u00e4 viesti!&#8221; success_message=&#8221;Kiitos, olemme vastaanottaneet viestisi&#8221; module_id=&#8221;et_pb_contact_form_0&#8243; _builder_version=&#8221;3.0.106&#8243;][et_pb_contact_field field_id=&#8221;Name&#8221; field_title=&#8221;Nimi&#8221; _builder_version=&#8221;3.0.47&#8243; border_radii=&#8221;on||||&#8221;][\/et_pb_contact_field][et_pb_contact_field field_id=&#8221;Email&#8221; field_title=&#8221;S\u00e4hk\u00f6postiosoite&#8221; field_type=&#8221;email&#8221; _builder_version=&#8221;3.0.47&#8243; border_radii=&#8221;on||||&#8221;][\/et_pb_contact_field][et_pb_contact_field field_id=&#8221;Message&#8221; field_title=&#8221;S\u00e4hk\u00f6postiviesti&#8221; field_type=&#8221;text&#8221; fullwidth_field=&#8221;on&#8221; _builder_version=&#8221;3.0.47&#8243; border_radii=&#8221;on||||&#8221;][\/et_pb_contact_field][\/et_pb_contact_form][\/et_pb_column][et_pb_column type=&#8221;1_2&#8243;][et_pb_text _builder_version=&#8221;3.21.2&#8243; z_index_tablet=&#8221;500&#8243;]<\/p>\n<h1>Ota meihin yhteytt\u00e4!<\/h1>\n<p>Vi betj\u00e4nar \u00e4ven p\u00e5 svenska!<\/p>\n<p>Permonkaarre 117<br \/>68600 Pietarsaari<\/p>\n<p><a href=\"mailto:%69%6e%66%6f@%73%69%6c%69%6b%6f%74%65%6b.%66%69\">info@silikotek.fi<\/a><br \/><i class=\"icon-phone\"><\/i>&#x260e; 010 321 9790<\/p>\n<p>Myym\u00e4l\u00e4mme on avoinna<br \/>Ma-Pe 8.00-16.30<\/p>\n<p>[\/et_pb_text][\/et_pb_column][\/et_pb_row][\/et_pb_section]<\/p>\n","protected":false},"excerpt":{"rendered":"<p><div class=\"et_pb_row et_pb_row_0 et_pb_row_empty\">\n\t\t\t\t\n\t\t\t\t\n\t\t\t\t\n\t\t\t\t\n\t\t\t\t\n\t\t\t<\/div> Uusimmat tuotteet: Uusimmat tarjoukset verkkokaupasta! Haluatko saada uusimmat uutiset ja kuumimmat tarjoukset sek\u00e4 edut suoraan s\u00e4hk\u00f6postiisi? Tilaa uutiskirjeemme. Emme luovuta henkil\u00f6tietoja eteenp\u00e4in. Voit peruuttaa uutiskirjeen tilauksen milloin tahansa. Ota meihin yhteytt\u00e4! Vi betj\u00e4nar \u00e4ven p\u00e5 svenska! Permonkaarre 11768600 Pietarsaari info@silikotek.fi&#x260e; 010 321 9790 Myym\u00e4l\u00e4mme on avoinnaMa-Pe 8.00-16.30<\/p>\n","protected":false},"author":2,"featured_media":0,"parent":0,"menu_order":0,"comment_status":"closed","ping_status":"closed","template":"","meta":{"_et_pb_use_builder":"on","_et_pb_old_content":"","_et_gb_content_width":"","footnotes":""},"class_list":["post-20841","page","type-page","status-publish","hentry"],"_links":{"self":[{"href":"https:\/\/silikotek.sapartners.site\/index.php\/wp-json\/wp\/v2\/pages\/20841","targetHints":{"allow":["GET"]}}],"collection":[{"href":"https:\/\/silikotek.sapartners.site\/index.php\/wp-json\/wp\/v2\/pages"}],"about":[{"href":"https:\/\/silikotek.sapartners.site\/index.php\/wp-json\/wp\/v2\/types\/page"}],"author":[{"embeddable":true,"href":"https:\/\/silikotek.sapartners.site\/index.php\/wp-json\/wp\/v2\/users\/2"}],"replies":[{"embeddable":true,"href":"https:\/\/silikotek.sapartners.site\/index.php\/wp-json\/wp\/v2\/comments?post=20841"}],"version-history":[{"count":1,"href":"https:\/\/silikotek.sapartners.site\/index.php\/wp-json\/wp\/v2\/pages\/20841\/revisions"}],"predecessor-version":[{"id":20842,"href":"https:\/\/silikotek.sapartners.site\/index.php\/wp-json\/wp\/v2\/pages\/20841\/revisions\/20842"}],"wp:attachment":[{"href":"https:\/\/silikotek.sapartners.site\/index.php\/wp-json\/wp\/v2\/media?parent=20841"}],"curies":[{"name":"wp","href":"https:\/\/api.w.org\/{rel}","templated":true}]}}